{"id":23648,"date":"2025-12-16T13:12:23","date_gmt":"2025-12-16T13:12:23","guid":{"rendered":"https:\/\/cynqtech.com\/?page_id=23648"},"modified":"2026-03-19T19:57:32","modified_gmt":"2026-03-19T19:57:32","slug":"book-a-demo","status":"publish","type":"page","link":"https:\/\/cynqtech.com\/fr\/book-a-demo\/","title":{"rendered":"Planifiez une d\u00e9monstration"},"content":{"rendered":"\t\t<div data-elementor-type=\"wp-page\" data-elementor-id=\"23648\" class=\"elementor elementor-23648\" data-elementor-post-type=\"page\">\n\t\t\t\t<div class=\"elementor-element elementor-element-2e43fce e-flex e-con-boxed e-con e-parent\" data-id=\"2e43fce\" data-element_type=\"container\" data-e-type=\"container\" data-settings=\"{&quot;background_background&quot;:&quot;classic&quot;}\">\n\t\t\t\t\t<div class=\"e-con-inner\">\n\t\t<div class=\"elementor-element elementor-element-0e3629c e-con-full e-flex e-con e-child\" data-id=\"0e3629c\" data-element_type=\"container\" data-e-type=\"container\">\n\t\t\t\t<div class=\"elementor-element elementor-element-efc1c54 elementor-widget elementor-widget-heading\" data-id=\"efc1c54\" data-element_type=\"widget\" data-e-type=\"widget\" data-settings=\"{&quot;ekit_we_effect_on&quot;:&quot;none&quot;}\" data-widget_type=\"heading.default\">\n\t\t\t\t\t<h2 class=\"elementor-heading-title elementor-size-default\">R\u00e9servez une d\u00e9monstration personnalis\u00e9e de CynQ<\/h2>\t\t\t\t<\/div>\n\t\t\t\t<div class=\"elementor-element elementor-element-8a9dc89 elementor-widget elementor-widget-text-editor\" data-id=\"8a9dc89\" data-element_type=\"widget\" data-e-type=\"widget\" data-settings=\"{&quot;ekit_we_effect_on&quot;:&quot;none&quot;}\" data-widget_type=\"text-editor.default\">\n\t\t\t\t\t\t\t\t\t<p>D\u00e9couvrez comment CynQ peut simplifier la gestion de vos chantiers et vous aider \u00e0 garder le contr\u00f4le \u2014 planifiez votre d\u00e9mo au moment qui vous convient le mieux !<\/p>\t\t\t\t\t\t\t\t<\/div>\n\t\t\t\t<\/div>\n\t\t\t\t<div class=\"elementor-element elementor-element-e15d456 elementor-widget elementor-widget-hubspot-meeting\" data-id=\"e15d456\" data-element_type=\"widget\" data-e-type=\"widget\" data-settings=\"{&quot;ekit_we_effect_on&quot;:&quot;none&quot;}\" data-widget_type=\"hubspot-meeting.default\">\n\t\t\t\t<div class=\"elementor-widget-container\">\n\t\t\t\t\t\n\t\t<div class=\"meetings-iframe-container\" data-src=\"https:\/\/meetings-na3.hubspot.com\/pierre-custeau\/demo-cynq?embed=true\"><\/div>\n\t\t<script>\n\t\t\tif(window.hbspt && window.hbspt.meetings){\n\t\t\t\twindow.hbspt.meetings.create(\".meetings-iframe-container\");\n\t\t\t}\n\t\t\t<\/script>\n\t\t\t\t\t\t<\/div>\n\t\t\t\t<\/div>\n\t\t\t\t<div class=\"elementor-element elementor-element-e1e2121 elementor-widget elementor-widget-spacer\" data-id=\"e1e2121\" data-element_type=\"widget\" data-e-type=\"widget\" data-settings=\"{&quot;ekit_we_effect_on&quot;:&quot;none&quot;}\" data-widget_type=\"spacer.default\">\n\t\t\t\t\t\t\t<div class=\"elementor-spacer\">\n\t\t\t<div class=\"elementor-spacer-inner\"><\/div>\n\t\t<\/div>\n\t\t\t\t\t\t<\/div>\n\t\t\t\t\t<\/div>\n\t\t\t\t<\/div>\n\t\t\t\t<\/div>\n\t\t","protected":false},"excerpt":{"rendered":"<p>R\u00e9servez une d\u00e9monstration personnalis\u00e9e de CynQ D\u00e9couvrez comment CynQ peut simplifier la gestion de vos chantiers et vous aider \u00e0 garder le contr\u00f4le \u2014 planifiez votre d\u00e9mo au moment qui vous convient le mieux !<\/p>\n","protected":false},"author":1,"featured_media":24557,"parent":0,"menu_order":0,"comment_status":"closed","ping_status":"closed","template":"","meta":{"_acf_changed":false,"content-type":"","footnotes":""},"class_list":["post-23648","page","type-page","status-publish","has-post-thumbnail","hentry"],"acf":[],"yoast_head":"<!-- This site is optimized with the Yoast SEO Premium plugin v27.4 (Yoast SEO v27.6) - https:\/\/yoast.com\/product\/yoast-seo-premium-wordpress\/ -->\n<title>Planifier une d\u00e9mo de CynQ | Gestion construction IA<\/title>\n<meta name=\"description\" content=\"D\u00e9couvrez comment CynQ simplifie la gestion de construction gr\u00e2ce \u00e0 l\u2019IA. Planifiez une d\u00e9monstration personnalis\u00e9e et voyez comment optimiser vos projets.\" \/>\n<meta name=\"robots\" content=\"index, follow, max-snippet:-1, max-image-preview:large, max-video-preview:-1\" \/>\n<link rel=\"canonical\" href=\"https:\/\/cynqtech.com\/fr\/book-a-demo\/\" \/>\n<meta property=\"og:locale\" content=\"fr_FR\" \/>\n<meta property=\"og:type\" content=\"article\" \/>\n<meta property=\"og:title\" content=\"Planifiez une d\u00e9monstration\" \/>\n<meta property=\"og:description\" content=\"D\u00e9couvrez comment CynQ simplifie la gestion de construction gr\u00e2ce \u00e0 l\u2019IA. Planifiez une d\u00e9monstration personnalis\u00e9e et voyez comment optimiser vos projets.\" \/>\n<meta property=\"og:url\" content=\"https:\/\/cynqtech.com\/fr\/book-a-demo\/\" \/>\n<meta property=\"og:site_name\" content=\"CynQ\" \/>\n<meta property=\"article:publisher\" content=\"https:\/\/facebook.com\/cyqtech\" \/>\n<meta property=\"article:modified_time\" content=\"2026-03-19T19:57:32+00:00\" \/>\n<meta property=\"og:image\" content=\"https:\/\/cynqtech.com\/wp-content\/uploads\/2026\/03\/image-femme-upload-facture-gestion-depense-construction-cynq.jpg\" \/>\n\t<meta property=\"og:image:width\" content=\"1600\" \/>\n\t<meta property=\"og:image:height\" content=\"1600\" \/>\n\t<meta property=\"og:image:type\" content=\"image\/jpeg\" \/>\n<meta name=\"twitter:card\" content=\"summary_large_image\" \/>\n<script type=\"application\/ld+json\" class=\"yoast-schema-graph\">{\"@context\":\"https:\\\/\\\/schema.org\",\"@graph\":[{\"@type\":\"WebPage\",\"@id\":\"https:\\\/\\\/cynqtech.com\\\/fr\\\/book-a-demo\\\/\",\"url\":\"https:\\\/\\\/cynqtech.com\\\/fr\\\/book-a-demo\\\/\",\"name\":\"Planifier une d\u00e9mo de CynQ | Gestion construction IA\",\"isPartOf\":{\"@id\":\"https:\\\/\\\/cynqtech.com\\\/fr\\\/#website\"},\"primaryImageOfPage\":{\"@id\":\"https:\\\/\\\/cynqtech.com\\\/fr\\\/book-a-demo\\\/#primaryimage\"},\"image\":{\"@id\":\"https:\\\/\\\/cynqtech.com\\\/fr\\\/book-a-demo\\\/#primaryimage\"},\"thumbnailUrl\":\"https:\\\/\\\/cynqtech.com\\\/wp-content\\\/uploads\\\/2026\\\/03\\\/image-femme-upload-facture-gestion-depense-construction-cynq.jpg\",\"datePublished\":\"2025-12-16T13:12:23+00:00\",\"dateModified\":\"2026-03-19T19:57:32+00:00\",\"description\":\"D\u00e9couvrez comment CynQ simplifie la gestion de construction gr\u00e2ce \u00e0 l\u2019IA. Planifiez une d\u00e9monstration personnalis\u00e9e et voyez comment optimiser vos projets.\",\"breadcrumb\":{\"@id\":\"https:\\\/\\\/cynqtech.com\\\/fr\\\/book-a-demo\\\/#breadcrumb\"},\"inLanguage\":\"fr-FR\",\"potentialAction\":[{\"@type\":\"ReadAction\",\"target\":[\"https:\\\/\\\/cynqtech.com\\\/fr\\\/book-a-demo\\\/\"]}]},{\"@type\":\"ImageObject\",\"inLanguage\":\"fr-FR\",\"@id\":\"https:\\\/\\\/cynqtech.com\\\/fr\\\/book-a-demo\\\/#primaryimage\",\"url\":\"https:\\\/\\\/cynqtech.com\\\/wp-content\\\/uploads\\\/2026\\\/03\\\/image-femme-upload-facture-gestion-depense-construction-cynq.jpg\",\"contentUrl\":\"https:\\\/\\\/cynqtech.com\\\/wp-content\\\/uploads\\\/2026\\\/03\\\/image-femme-upload-facture-gestion-depense-construction-cynq.jpg\",\"width\":1600,\"height\":1600,\"caption\":\"T\u00e9l\u00e9versement d\u2019une d\u00e9pense dans CynQ avec cat\u00e9gorisation automatique\"},{\"@type\":\"BreadcrumbList\",\"@id\":\"https:\\\/\\\/cynqtech.com\\\/fr\\\/book-a-demo\\\/#breadcrumb\",\"itemListElement\":[{\"@type\":\"ListItem\",\"position\":1,\"name\":\"Accueil\",\"item\":\"https:\\\/\\\/cynqtech.com\\\/fr\\\/\"},{\"@type\":\"ListItem\",\"position\":2,\"name\":\"Planifiez une d\u00e9monstration\"}]},{\"@type\":\"WebSite\",\"@id\":\"https:\\\/\\\/cynqtech.com\\\/fr\\\/#website\",\"url\":\"https:\\\/\\\/cynqtech.com\\\/fr\\\/\",\"name\":\"CynQ\",\"description\":\"Outil de gestion centralis\u00e9e pour les entrepreneurs en construction\",\"publisher\":{\"@id\":\"https:\\\/\\\/cynqtech.com\\\/fr\\\/#organization\"},\"alternateName\":\"CynQ Technologies\",\"potentialAction\":[{\"@type\":\"SearchAction\",\"target\":{\"@type\":\"EntryPoint\",\"urlTemplate\":\"https:\\\/\\\/cynqtech.com\\\/fr\\\/?s={search_term_string}\"},\"query-input\":{\"@type\":\"PropertyValueSpecification\",\"valueRequired\":true,\"valueName\":\"search_term_string\"}}],\"inLanguage\":\"fr-FR\"},{\"@type\":\"Organization\",\"@id\":\"https:\\\/\\\/cynqtech.com\\\/fr\\\/#organization\",\"name\":\"CynQ\",\"alternateName\":\"CynQ Technologies\",\"url\":\"https:\\\/\\\/cynqtech.com\\\/fr\\\/\",\"logo\":{\"@type\":\"ImageObject\",\"inLanguage\":\"fr-FR\",\"@id\":\"https:\\\/\\\/cynqtech.com\\\/fr\\\/#\\\/schema\\\/logo\\\/image\\\/\",\"url\":\"https:\\\/\\\/cynqtech.com\\\/wp-content\\\/uploads\\\/2025\\\/10\\\/cynq-favicon-bleu-pale-fond-bleu-fonce-transparent-400x400-1.png\",\"contentUrl\":\"https:\\\/\\\/cynqtech.com\\\/wp-content\\\/uploads\\\/2025\\\/10\\\/cynq-favicon-bleu-pale-fond-bleu-fonce-transparent-400x400-1.png\",\"width\":400,\"height\":400,\"caption\":\"CynQ\"},\"image\":{\"@id\":\"https:\\\/\\\/cynqtech.com\\\/fr\\\/#\\\/schema\\\/logo\\\/image\\\/\"},\"sameAs\":[\"https:\\\/\\\/facebook.com\\\/cyqtech\",\"https:\\\/\\\/www.linkedin.com\\\/company\\\/cynqtech\",\"https:\\\/\\\/www.instagram.com\\\/cynqtech\"]}]}<\/script>\n<!-- \/ Yoast SEO Premium plugin. -->","yoast_head_json":{"title":"Planifier une d\u00e9mo de CynQ | Gestion construction IA","description":"D\u00e9couvrez comment CynQ simplifie la gestion de construction gr\u00e2ce \u00e0 l\u2019IA. Planifiez une d\u00e9monstration personnalis\u00e9e et voyez comment optimiser vos projets.","robots":{"index":"index","follow":"follow","max-snippet":"max-snippet:-1","max-image-preview":"max-image-preview:large","max-video-preview":"max-video-preview:-1"},"canonical":"https:\/\/cynqtech.com\/fr\/book-a-demo\/","og_locale":"fr_FR","og_type":"article","og_title":"Planifiez une d\u00e9monstration","og_description":"D\u00e9couvrez comment CynQ simplifie la gestion de construction gr\u00e2ce \u00e0 l\u2019IA. Planifiez une d\u00e9monstration personnalis\u00e9e et voyez comment optimiser vos projets.","og_url":"https:\/\/cynqtech.com\/fr\/book-a-demo\/","og_site_name":"CynQ","article_publisher":"https:\/\/facebook.com\/cyqtech","article_modified_time":"2026-03-19T19:57:32+00:00","og_image":[{"width":1600,"height":1600,"url":"https:\/\/cynqtech.com\/wp-content\/uploads\/2026\/03\/image-femme-upload-facture-gestion-depense-construction-cynq.jpg","type":"image\/jpeg"}],"twitter_card":"summary_large_image","schema":{"@context":"https:\/\/schema.org","@graph":[{"@type":"WebPage","@id":"https:\/\/cynqtech.com\/fr\/book-a-demo\/","url":"https:\/\/cynqtech.com\/fr\/book-a-demo\/","name":"Planifier une d\u00e9mo de CynQ | Gestion construction IA","isPartOf":{"@id":"https:\/\/cynqtech.com\/fr\/#website"},"primaryImageOfPage":{"@id":"https:\/\/cynqtech.com\/fr\/book-a-demo\/#primaryimage"},"image":{"@id":"https:\/\/cynqtech.com\/fr\/book-a-demo\/#primaryimage"},"thumbnailUrl":"https:\/\/cynqtech.com\/wp-content\/uploads\/2026\/03\/image-femme-upload-facture-gestion-depense-construction-cynq.jpg","datePublished":"2025-12-16T13:12:23+00:00","dateModified":"2026-03-19T19:57:32+00:00","description":"D\u00e9couvrez comment CynQ simplifie la gestion de construction gr\u00e2ce \u00e0 l\u2019IA. Planifiez une d\u00e9monstration personnalis\u00e9e et voyez comment optimiser vos projets.","breadcrumb":{"@id":"https:\/\/cynqtech.com\/fr\/book-a-demo\/#breadcrumb"},"inLanguage":"fr-FR","potentialAction":[{"@type":"ReadAction","target":["https:\/\/cynqtech.com\/fr\/book-a-demo\/"]}]},{"@type":"ImageObject","inLanguage":"fr-FR","@id":"https:\/\/cynqtech.com\/fr\/book-a-demo\/#primaryimage","url":"https:\/\/cynqtech.com\/wp-content\/uploads\/2026\/03\/image-femme-upload-facture-gestion-depense-construction-cynq.jpg","contentUrl":"https:\/\/cynqtech.com\/wp-content\/uploads\/2026\/03\/image-femme-upload-facture-gestion-depense-construction-cynq.jpg","width":1600,"height":1600,"caption":"T\u00e9l\u00e9versement d\u2019une d\u00e9pense dans CynQ avec cat\u00e9gorisation automatique"},{"@type":"BreadcrumbList","@id":"https:\/\/cynqtech.com\/fr\/book-a-demo\/#breadcrumb","itemListElement":[{"@type":"ListItem","position":1,"name":"Accueil","item":"https:\/\/cynqtech.com\/fr\/"},{"@type":"ListItem","position":2,"name":"Planifiez une d\u00e9monstration"}]},{"@type":"WebSite","@id":"https:\/\/cynqtech.com\/fr\/#website","url":"https:\/\/cynqtech.com\/fr\/","name":"CynQ","description":"Outil de gestion centralis\u00e9e pour les entrepreneurs en construction","publisher":{"@id":"https:\/\/cynqtech.com\/fr\/#organization"},"alternateName":"CynQ Technologies","potentialAction":[{"@type":"SearchAction","target":{"@type":"EntryPoint","urlTemplate":"https:\/\/cynqtech.com\/fr\/?s={search_term_string}"},"query-input":{"@type":"PropertyValueSpecification","valueRequired":true,"valueName":"search_term_string"}}],"inLanguage":"fr-FR"},{"@type":"Organization","@id":"https:\/\/cynqtech.com\/fr\/#organization","name":"CynQ","alternateName":"CynQ Technologies","url":"https:\/\/cynqtech.com\/fr\/","logo":{"@type":"ImageObject","inLanguage":"fr-FR","@id":"https:\/\/cynqtech.com\/fr\/#\/schema\/logo\/image\/","url":"https:\/\/cynqtech.com\/wp-content\/uploads\/2025\/10\/cynq-favicon-bleu-pale-fond-bleu-fonce-transparent-400x400-1.png","contentUrl":"https:\/\/cynqtech.com\/wp-content\/uploads\/2025\/10\/cynq-favicon-bleu-pale-fond-bleu-fonce-transparent-400x400-1.png","width":400,"height":400,"caption":"CynQ"},"image":{"@id":"https:\/\/cynqtech.com\/fr\/#\/schema\/logo\/image\/"},"sameAs":["https:\/\/facebook.com\/cyqtech","https:\/\/www.linkedin.com\/company\/cynqtech","https:\/\/www.instagram.com\/cynqtech"]}]}},"_links":{"self":[{"href":"https:\/\/cynqtech.com\/fr\/wp-json\/wp\/v2\/pages\/23648","targetHints":{"allow":["GET"]}}],"collection":[{"href":"https:\/\/cynqtech.com\/fr\/wp-json\/wp\/v2\/pages"}],"about":[{"href":"https:\/\/cynqtech.com\/fr\/wp-json\/wp\/v2\/types\/page"}],"author":[{"embeddable":true,"href":"https:\/\/cynqtech.com\/fr\/wp-json\/wp\/v2\/users\/1"}],"replies":[{"embeddable":true,"href":"https:\/\/cynqtech.com\/fr\/wp-json\/wp\/v2\/comments?post=23648"}],"version-history":[{"count":71,"href":"https:\/\/cynqtech.com\/fr\/wp-json\/wp\/v2\/pages\/23648\/revisions"}],"predecessor-version":[{"id":24970,"href":"https:\/\/cynqtech.com\/fr\/wp-json\/wp\/v2\/pages\/23648\/revisions\/24970"}],"wp:featuredmedia":[{"embeddable":true,"href":"https:\/\/cynqtech.com\/fr\/wp-json\/wp\/v2\/media\/24557"}],"wp:attachment":[{"href":"https:\/\/cynqtech.com\/fr\/wp-json\/wp\/v2\/media?parent=23648"}],"curies":[{"name":"wp","href":"https:\/\/api.w.org\/{rel}","templated":true}]}}