{"id":22624,"date":"2025-11-11T11:00:02","date_gmt":"2025-11-11T11:00:02","guid":{"rendered":"https:\/\/cynqtech.com\/?page_id=22624"},"modified":"2026-05-12T02:43:03","modified_gmt":"2026-05-12T02:43:03","slug":"implementation","status":"publish","type":"page","link":"https:\/\/cynqtech.com\/fr\/implementation\/","title":{"rendered":"Mise en oeuvre"},"content":{"rendered":"\t\t<div data-elementor-type=\"wp-page\" data-elementor-id=\"22624\" class=\"elementor elementor-22624\" data-elementor-post-type=\"page\">\n\t\t\t\t<div class=\"elementor-element elementor-element-c6d4dfe e-con-full e-flex e-con e-parent\" data-id=\"c6d4dfe\" data-element_type=\"container\" data-e-type=\"container\" data-settings=\"{&quot;background_background&quot;:&quot;classic&quot;,&quot;shape_divider_bottom&quot;:&quot;curve-asymmetrical&quot;,&quot;shape_divider_bottom_negative&quot;:&quot;yes&quot;}\">\n\t\t\t\t<div class=\"elementor-shape elementor-shape-bottom\" aria-hidden=\"true\" data-negative=\"true\">\n\t\t\t<svg xmlns=\"http:\/\/www.w3.org\/2000\/svg\" viewBox=\"0 0 1000 100\" preserveAspectRatio=\"none\">\n\t<path class=\"elementor-shape-fill\" d=\"M615.2,96.7C240.2,97.8,0,18.9,0,0v100h1000V0C1000,19.2,989.8,96,615.2,96.7z\"\/>\n<\/svg>\t\t<\/div>\n\t\t<div class=\"elementor-element elementor-element-dfd3a6d e-con-full elementor-hidden-mobile e-flex e-con e-child\" data-id=\"dfd3a6d\" data-element_type=\"container\" data-e-type=\"container\">\n\t\t\t\t<div class=\"elementor-element elementor-element-53d0866c animated-fast elementor-invisible elementor-widget elementor-widget-elementskit-heading\" data-id=\"53d0866c\" data-element_type=\"widget\" data-e-type=\"widget\" data-settings=\"{&quot;_animation&quot;:&quot;fadeIn&quot;,&quot;_animation_delay&quot;:100,&quot;ekit_we_effect_on&quot;:&quot;none&quot;}\" data-widget_type=\"elementskit-heading.default\">\n\t\t\t\t\t<div class=\"ekit-wid-con\" ><div class=\"ekit-heading elementskit-section-title-wraper text_left   ekit_heading_tablet-   ekit_heading_mobile-\"><h1 class=\"ekit-heading--title elementskit-section-title \"><span><span>CynQ<\/span><\/span> fonctionne Jour 1<\/h1>\t\t\t\t<div class='ekit-heading__description'>\n\t\t\t\t\t<p>Acc\u00e9dez \u00e0 CynQ o\u00f9 que vous soyez, depuis votre navigateur ou via notre application iPhone et Android, sur ordinateur, tablette ou t\u00e9l\u00e9phone intelligent.<\/p>\n\t\t\t\t<\/div>\n\t\t\t<\/div><\/div>\t\t\t\t<\/div>\n\t\t\t\t<\/div>\n\t\t\t\t<div class=\"elementor-element elementor-element-1e04041b elementor-widget elementor-widget-spacer\" data-id=\"1e04041b\" data-element_type=\"widget\" data-e-type=\"widget\" data-settings=\"{&quot;ekit_we_effect_on&quot;:&quot;none&quot;}\" data-widget_type=\"spacer.default\">\n\t\t\t\t\t\t\t<div class=\"elementor-spacer\">\n\t\t\t<div class=\"elementor-spacer-inner\"><\/div>\n\t\t<\/div>\n\t\t\t\t\t\t<\/div>\n\t\t\t\t<\/div>\n\t\t<div class=\"elementor-element elementor-element-2825de93 e-flex e-con-boxed e-con e-parent\" data-id=\"2825de93\" data-element_type=\"container\" data-e-type=\"container\">\n\t\t\t\t\t<div class=\"e-con-inner\">\n\t\t\t\t<div class=\"elementor-element elementor-element-33bd633 elementor-widget elementor-widget-spacer\" data-id=\"33bd633\" data-element_type=\"widget\" data-e-type=\"widget\" data-settings=\"{&quot;ekit_we_effect_on&quot;:&quot;none&quot;}\" data-widget_type=\"spacer.default\">\n\t\t\t\t\t\t\t<div class=\"elementor-spacer\">\n\t\t\t<div class=\"elementor-spacer-inner\"><\/div>\n\t\t<\/div>\n\t\t\t\t\t\t<\/div>\n\t\t\t\t<div class=\"elementor-element elementor-element-a023da4 animated-fast elementor-hidden-desktop elementor-hidden-tablet elementor-hidden-tablet_extra elementor-invisible elementor-widget elementor-widget-elementskit-heading\" data-id=\"a023da4\" data-element_type=\"widget\" data-e-type=\"widget\" data-settings=\"{&quot;_animation&quot;:&quot;fadeIn&quot;,&quot;_animation_delay&quot;:100,&quot;ekit_we_effect_on&quot;:&quot;none&quot;}\" data-widget_type=\"elementskit-heading.default\">\n\t\t\t\t\t<div class=\"ekit-wid-con\" ><div class=\"ekit-heading elementskit-section-title-wraper text_left   ekit_heading_tablet-   ekit_heading_mobile-\"><h1 class=\"ekit-heading--title elementskit-section-title \"><span><span>CynQ<\/span><\/span> fonctionne Jour 1<\/h1>\t\t\t\t<div class='ekit-heading__description'>\n\t\t\t\t\t<p>Vous n\u2019avez aucun logiciel ou application \u00e0 installer \u2014 tout se fait dans le cloud. Vous acc\u00e9dez \u00e0 l\u2019outil directement depuis votre ordinateur, tablette ou t\u00e9l\u00e9phone intelligent.<\/p>\n\t\t\t\t<\/div>\n\t\t\t<\/div><\/div>\t\t\t\t<\/div>\n\t\t\t\t<div class=\"elementor-element elementor-element-707ef1f elementor-widget elementor-widget-heading\" data-id=\"707ef1f\" data-element_type=\"widget\" data-e-type=\"widget\" data-settings=\"{&quot;ekit_we_effect_on&quot;:&quot;none&quot;}\" data-widget_type=\"heading.default\">\n\t\t\t\t\t<h2 class=\"elementor-heading-title elementor-size-default\">Un d\u00e9marrage adapt\u00e9 \u00e0 votre r\u00e9alit\u00e9<\/h2>\t\t\t\t<\/div>\n\t\t\t\t<div class=\"elementor-element elementor-element-ed12838 elementor-widget elementor-widget-text-editor\" data-id=\"ed12838\" data-element_type=\"widget\" data-e-type=\"widget\" data-settings=\"{&quot;ekit_we_effect_on&quot;:&quot;none&quot;}\" data-widget_type=\"text-editor.default\">\n\t\t\t\t\t\t\t\t\t<p>Nos conseillers vous accompagnent activement d\u00e8s les premi\u00e8res \u00e9tapes et tout au long de votre utilisation. Ils s\u2019assurent que vous tirez pleinement parti de chaque fonctionnalit\u00e9 pour maximiser la valeur de CynQ dans votre gestion quotidienne.<\/p>\n<p>La transition est fluide et vous b\u00e9n\u00e9ficiez d\u2019un outil pr\u00eat \u00e0 fonctionner d\u00e8s le premier jour, et une \u00e9quipe qui se sentira rapidement \u00e0 l&rsquo;aise pour g\u00e9rer vos projets.<\/p>\n<p>Le logiciel est disponible depuis votre navigateur ou depuis une application IPhone ou Android.\u00a0 Vous \u00eates ainsi en mesure d&rsquo;acc\u00e9der \u00e0 l\u2019outil \u00e0 partir de votre ordinateur, tablette ou t\u00e9l\u00e9phone intelligent.<\/p>\t\t\t\t\t\t\t\t<\/div>\n\t\t\t\t<div class=\"elementor-element elementor-element-3e4d949 elementor-widget elementor-widget-heading\" data-id=\"3e4d949\" data-element_type=\"widget\" data-e-type=\"widget\" data-settings=\"{&quot;ekit_we_effect_on&quot;:&quot;none&quot;}\" data-widget_type=\"heading.default\">\n\t\t\t\t\t<h3 class=\"elementor-heading-title elementor-size-default\">Vous avez le choix : utiliser un de nos gabarits pour un d\u00e9part facile ou choisir la fa\u00e7on personnalis\u00e9e<\/h3>\t\t\t\t<\/div>\n\t\t\t\t<div class=\"elementor-element elementor-element-7804beda elementor-widget elementor-widget-text-editor\" data-id=\"7804beda\" data-element_type=\"widget\" data-e-type=\"widget\" data-settings=\"{&quot;ekit_we_effect_on&quot;:&quot;none&quot;}\" data-widget_type=\"text-editor.default\">\n\t\t\t\t\t\t\t\t\t\n\n\n<blockquote class=\"wp-block-quote\">\n<h3><strong>La fa\u00e7on simple<\/strong><\/h3>\n<p>Choisissez un gabarit de configuration de d\u00e9part adapt\u00e9 \u00e0 votre type d\u2019entreprise.<\/p>\n<p>Importez vos contacts, cr\u00e9ez vos utilisateurs et d\u00e9marrez vos projets.<\/p>\n<p>Vous pouvez ensuite assigner des t\u00e2ches et g\u00e9rer vos chantiers en toute simplicit\u00e9.<\/p>\n<p>En quelques clics, votre environnement est pr\u00eat.<\/p>\n<\/blockquote>\n\n\n\n<blockquote class=\"wp-block-quote\">\n<h3><strong>La fa\u00e7on personnalis\u00e9e<\/strong><\/h3>\n<p>Vous pr\u00e9f\u00e9rez une configuration sur mesure ?<\/p>\n<p>Nous pouvons importer vos donn\u00e9es \u00e0 partir d\u2019un fichier Excel ou d\u2019autres outils comme Microsoft Office ou Dropbox, selon vos besoins.<\/p>\n<p>Nos conseillers vous accompagnent pour adapter chaque param\u00e8tre aux r\u00e9alit\u00e9s de votre entreprise \u2014 rien n\u2019est laiss\u00e9 au hasard.<\/p>\n<\/blockquote>\n\t\t\t\t\t\t\t\t<\/div>\n\t\t\t\t<div class=\"elementor-element elementor-element-49ef703 elementor-widget elementor-widget-heading\" data-id=\"49ef703\" data-element_type=\"widget\" data-e-type=\"widget\" data-settings=\"{&quot;ekit_we_effect_on&quot;:&quot;none&quot;}\" data-widget_type=\"heading.default\">\n\t\t\t\t\t<h3 class=\"elementor-heading-title elementor-size-default\">Un accompagnement humain et flexible<\/h3>\t\t\t\t<\/div>\n\t\t<div class=\"elementor-element elementor-element-4c384e1 e-con-full e-flex e-con e-child\" data-id=\"4c384e1\" data-element_type=\"container\" data-e-type=\"container\">\n\t\t\t\t<div class=\"elementor-element elementor-element-e422c79 elementor-widget elementor-widget-text-editor\" data-id=\"e422c79\" data-element_type=\"widget\" data-e-type=\"widget\" data-settings=\"{&quot;ekit_we_effect_on&quot;:&quot;none&quot;}\" data-widget_type=\"text-editor.default\">\n\t\t\t\t\t\t\t\t\t<p>Vous pouvez choisir de vous familiariser avec l\u2019outil \u00e0 votre rythme ou \u00eatre guid\u00e9 par l\u2019un de nos conseillers.<\/p>\n<p>Lors de la mise en \u0153uvre, un membre de notre \u00e9quipe prend le temps de comprendre vos processus pour vous proposer la configuration la plus efficace en fonction de vos besoins et de la complexit\u00e9 de votre entreprise.<\/p>\t\t\t\t\t\t\t\t<\/div>\n\t\t\t\t<\/div>\n\t\t<div class=\"elementor-element elementor-element-c5f5740 e-con-full e-flex e-con e-child\" data-id=\"c5f5740\" data-element_type=\"container\" data-e-type=\"container\">\n\t\t\t\t<div class=\"elementor-element elementor-element-d1c0a46 elementor-widget elementor-widget-spacer\" data-id=\"d1c0a46\" data-element_type=\"widget\" data-e-type=\"widget\" data-settings=\"{&quot;ekit_we_effect_on&quot;:&quot;none&quot;}\" data-widget_type=\"spacer.default\">\n\t\t\t\t\t\t\t<div class=\"elementor-spacer\">\n\t\t\t<div class=\"elementor-spacer-inner\"><\/div>\n\t\t<\/div>\n\t\t\t\t\t\t<\/div>\n\t\t\t\t<\/div>\n\t\t\t\t\t<\/div>\n\t\t\t\t<\/div>\n\t\t\t\t<\/div>\n\t\t","protected":false},"excerpt":{"rendered":"<p>CynQ fonctionne Jour 1 Acc\u00e9dez \u00e0 CynQ o\u00f9 que vous soyez, depuis votre navigateur ou via notre application iPhone et Android, sur ordinateur, tablette ou t\u00e9l\u00e9phone intelligent. CynQ fonctionne Jour 1 Vous n\u2019avez aucun logiciel ou application \u00e0 installer \u2014 tout se fait dans le cloud. Vous acc\u00e9dez \u00e0 l\u2019outil directement depuis votre ordinateur, tablette [&hellip;]<\/p>\n","protected":false},"author":2,"featured_media":24517,"parent":0,"menu_order":0,"comment_status":"closed","ping_status":"closed","template":"","meta":{"_acf_changed":false,"content-type":"","footnotes":""},"class_list":["post-22624","page","type-page","status-publish","has-post-thumbnail","hentry"],"acf":[],"yoast_head":"<!-- This site is optimized with the Yoast SEO Premium plugin v27.4 (Yoast SEO v27.6) - https:\/\/yoast.com\/product\/yoast-seo-premium-wordpress\/ -->\n<title>Mise en \u0153uvre de CynQ | D\u00e9ploiement simple et rapide<\/title>\n<meta name=\"description\" content=\"CynQ se d\u00e9ploie rapidement dans votre entreprise gr\u00e2ce \u00e0 un accompagnement personnalis\u00e9 et une adoption simple pour vos \u00e9quipes.\" \/>\n<meta name=\"robots\" content=\"index, follow, max-snippet:-1, max-image-preview:large, max-video-preview:-1\" \/>\n<link rel=\"canonical\" href=\"https:\/\/cynqtech.com\/fr\/implementation\/\" \/>\n<meta property=\"og:locale\" content=\"fr_FR\" \/>\n<meta property=\"og:type\" content=\"article\" \/>\n<meta property=\"og:title\" content=\"Mise en oeuvre\" \/>\n<meta property=\"og:description\" content=\"CynQ se d\u00e9ploie rapidement dans votre entreprise gr\u00e2ce \u00e0 un accompagnement personnalis\u00e9 et une adoption simple pour vos \u00e9quipes.\" \/>\n<meta property=\"og:url\" content=\"https:\/\/cynqtech.com\/fr\/implementation\/\" \/>\n<meta property=\"og:site_name\" content=\"CynQ\" \/>\n<meta property=\"article:publisher\" content=\"https:\/\/facebook.com\/cyqtech\" \/>\n<meta property=\"article:modified_time\" content=\"2026-05-12T02:43:03+00:00\" \/>\n<meta property=\"og:image\" content=\"https:\/\/cynqtech.com\/wp-content\/uploads\/2026\/03\/image-woman-using-cynq.jpg\" \/>\n\t<meta property=\"og:image:width\" content=\"1600\" \/>\n\t<meta property=\"og:image:height\" content=\"1600\" \/>\n\t<meta property=\"og:image:type\" content=\"image\/jpeg\" \/>\n<meta name=\"twitter:card\" content=\"summary_large_image\" \/>\n<meta name=\"twitter:label1\" content=\"Dur\u00e9e de lecture estim\u00e9e\" \/>\n\t<meta name=\"twitter:data1\" content=\"2 minutes\" \/>\n<script type=\"application\/ld+json\" class=\"yoast-schema-graph\">{\"@context\":\"https:\\\/\\\/schema.org\",\"@graph\":[{\"@type\":\"WebPage\",\"@id\":\"https:\\\/\\\/cynqtech.com\\\/fr\\\/implementation\\\/\",\"url\":\"https:\\\/\\\/cynqtech.com\\\/fr\\\/implementation\\\/\",\"name\":\"Mise en \u0153uvre de CynQ | D\u00e9ploiement simple et rapide\",\"isPartOf\":{\"@id\":\"https:\\\/\\\/cynqtech.com\\\/fr\\\/#website\"},\"primaryImageOfPage\":{\"@id\":\"https:\\\/\\\/cynqtech.com\\\/fr\\\/implementation\\\/#primaryimage\"},\"image\":{\"@id\":\"https:\\\/\\\/cynqtech.com\\\/fr\\\/implementation\\\/#primaryimage\"},\"thumbnailUrl\":\"https:\\\/\\\/cynqtech.com\\\/wp-content\\\/uploads\\\/2026\\\/03\\\/image-woman-using-cynq.jpg\",\"datePublished\":\"2025-11-11T11:00:02+00:00\",\"dateModified\":\"2026-05-12T02:43:03+00:00\",\"description\":\"CynQ se d\u00e9ploie rapidement dans votre entreprise gr\u00e2ce \u00e0 un accompagnement personnalis\u00e9 et une adoption simple pour vos \u00e9quipes.\",\"breadcrumb\":{\"@id\":\"https:\\\/\\\/cynqtech.com\\\/fr\\\/implementation\\\/#breadcrumb\"},\"inLanguage\":\"fr-FR\",\"potentialAction\":[{\"@type\":\"ReadAction\",\"target\":[\"https:\\\/\\\/cynqtech.com\\\/fr\\\/implementation\\\/\"]}]},{\"@type\":\"ImageObject\",\"inLanguage\":\"fr-FR\",\"@id\":\"https:\\\/\\\/cynqtech.com\\\/fr\\\/implementation\\\/#primaryimage\",\"url\":\"https:\\\/\\\/cynqtech.com\\\/wp-content\\\/uploads\\\/2026\\\/03\\\/image-woman-using-cynq.jpg\",\"contentUrl\":\"https:\\\/\\\/cynqtech.com\\\/wp-content\\\/uploads\\\/2026\\\/03\\\/image-woman-using-cynq.jpg\",\"width\":1600,\"height\":1600,\"caption\":\"Plateforme CynQ centralisant toutes les communications d\u2019un projet de construction\"},{\"@type\":\"BreadcrumbList\",\"@id\":\"https:\\\/\\\/cynqtech.com\\\/fr\\\/implementation\\\/#breadcrumb\",\"itemListElement\":[{\"@type\":\"ListItem\",\"position\":1,\"name\":\"Accueil\",\"item\":\"https:\\\/\\\/cynqtech.com\\\/fr\\\/\"},{\"@type\":\"ListItem\",\"position\":2,\"name\":\"Mise en oeuvre\"}]},{\"@type\":\"WebSite\",\"@id\":\"https:\\\/\\\/cynqtech.com\\\/fr\\\/#website\",\"url\":\"https:\\\/\\\/cynqtech.com\\\/fr\\\/\",\"name\":\"CynQ\",\"description\":\"Outil de gestion centralis\u00e9e pour les entrepreneurs en construction\",\"publisher\":{\"@id\":\"https:\\\/\\\/cynqtech.com\\\/fr\\\/#organization\"},\"alternateName\":\"CynQ Technologies\",\"potentialAction\":[{\"@type\":\"SearchAction\",\"target\":{\"@type\":\"EntryPoint\",\"urlTemplate\":\"https:\\\/\\\/cynqtech.com\\\/fr\\\/?s={search_term_string}\"},\"query-input\":{\"@type\":\"PropertyValueSpecification\",\"valueRequired\":true,\"valueName\":\"search_term_string\"}}],\"inLanguage\":\"fr-FR\"},{\"@type\":\"Organization\",\"@id\":\"https:\\\/\\\/cynqtech.com\\\/fr\\\/#organization\",\"name\":\"CynQ\",\"alternateName\":\"CynQ Technologies\",\"url\":\"https:\\\/\\\/cynqtech.com\\\/fr\\\/\",\"logo\":{\"@type\":\"ImageObject\",\"inLanguage\":\"fr-FR\",\"@id\":\"https:\\\/\\\/cynqtech.com\\\/fr\\\/#\\\/schema\\\/logo\\\/image\\\/\",\"url\":\"https:\\\/\\\/cynqtech.com\\\/wp-content\\\/uploads\\\/2025\\\/10\\\/cynq-favicon-bleu-pale-fond-bleu-fonce-transparent-400x400-1.png\",\"contentUrl\":\"https:\\\/\\\/cynqtech.com\\\/wp-content\\\/uploads\\\/2025\\\/10\\\/cynq-favicon-bleu-pale-fond-bleu-fonce-transparent-400x400-1.png\",\"width\":400,\"height\":400,\"caption\":\"CynQ\"},\"image\":{\"@id\":\"https:\\\/\\\/cynqtech.com\\\/fr\\\/#\\\/schema\\\/logo\\\/image\\\/\"},\"sameAs\":[\"https:\\\/\\\/facebook.com\\\/cyqtech\",\"https:\\\/\\\/www.linkedin.com\\\/company\\\/cynqtech\",\"https:\\\/\\\/www.instagram.com\\\/cynqtech\"]}]}<\/script>\n<!-- \/ Yoast SEO Premium plugin. -->","yoast_head_json":{"title":"Mise en \u0153uvre de CynQ | D\u00e9ploiement simple et rapide","description":"CynQ se d\u00e9ploie rapidement dans votre entreprise gr\u00e2ce \u00e0 un accompagnement personnalis\u00e9 et une adoption simple pour vos \u00e9quipes.","robots":{"index":"index","follow":"follow","max-snippet":"max-snippet:-1","max-image-preview":"max-image-preview:large","max-video-preview":"max-video-preview:-1"},"canonical":"https:\/\/cynqtech.com\/fr\/implementation\/","og_locale":"fr_FR","og_type":"article","og_title":"Mise en oeuvre","og_description":"CynQ se d\u00e9ploie rapidement dans votre entreprise gr\u00e2ce \u00e0 un accompagnement personnalis\u00e9 et une adoption simple pour vos \u00e9quipes.","og_url":"https:\/\/cynqtech.com\/fr\/implementation\/","og_site_name":"CynQ","article_publisher":"https:\/\/facebook.com\/cyqtech","article_modified_time":"2026-05-12T02:43:03+00:00","og_image":[{"width":1600,"height":1600,"url":"https:\/\/cynqtech.com\/wp-content\/uploads\/2026\/03\/image-woman-using-cynq.jpg","type":"image\/jpeg"}],"twitter_card":"summary_large_image","twitter_misc":{"Dur\u00e9e de lecture estim\u00e9e":"2 minutes"},"schema":{"@context":"https:\/\/schema.org","@graph":[{"@type":"WebPage","@id":"https:\/\/cynqtech.com\/fr\/implementation\/","url":"https:\/\/cynqtech.com\/fr\/implementation\/","name":"Mise en \u0153uvre de CynQ | D\u00e9ploiement simple et rapide","isPartOf":{"@id":"https:\/\/cynqtech.com\/fr\/#website"},"primaryImageOfPage":{"@id":"https:\/\/cynqtech.com\/fr\/implementation\/#primaryimage"},"image":{"@id":"https:\/\/cynqtech.com\/fr\/implementation\/#primaryimage"},"thumbnailUrl":"https:\/\/cynqtech.com\/wp-content\/uploads\/2026\/03\/image-woman-using-cynq.jpg","datePublished":"2025-11-11T11:00:02+00:00","dateModified":"2026-05-12T02:43:03+00:00","description":"CynQ se d\u00e9ploie rapidement dans votre entreprise gr\u00e2ce \u00e0 un accompagnement personnalis\u00e9 et une adoption simple pour vos \u00e9quipes.","breadcrumb":{"@id":"https:\/\/cynqtech.com\/fr\/implementation\/#breadcrumb"},"inLanguage":"fr-FR","potentialAction":[{"@type":"ReadAction","target":["https:\/\/cynqtech.com\/fr\/implementation\/"]}]},{"@type":"ImageObject","inLanguage":"fr-FR","@id":"https:\/\/cynqtech.com\/fr\/implementation\/#primaryimage","url":"https:\/\/cynqtech.com\/wp-content\/uploads\/2026\/03\/image-woman-using-cynq.jpg","contentUrl":"https:\/\/cynqtech.com\/wp-content\/uploads\/2026\/03\/image-woman-using-cynq.jpg","width":1600,"height":1600,"caption":"Plateforme CynQ centralisant toutes les communications d\u2019un projet de construction"},{"@type":"BreadcrumbList","@id":"https:\/\/cynqtech.com\/fr\/implementation\/#breadcrumb","itemListElement":[{"@type":"ListItem","position":1,"name":"Accueil","item":"https:\/\/cynqtech.com\/fr\/"},{"@type":"ListItem","position":2,"name":"Mise en oeuvre"}]},{"@type":"WebSite","@id":"https:\/\/cynqtech.com\/fr\/#website","url":"https:\/\/cynqtech.com\/fr\/","name":"CynQ","description":"Outil de gestion centralis\u00e9e pour les entrepreneurs en construction","publisher":{"@id":"https:\/\/cynqtech.com\/fr\/#organization"},"alternateName":"CynQ Technologies","potentialAction":[{"@type":"SearchAction","target":{"@type":"EntryPoint","urlTemplate":"https:\/\/cynqtech.com\/fr\/?s={search_term_string}"},"query-input":{"@type":"PropertyValueSpecification","valueRequired":true,"valueName":"search_term_string"}}],"inLanguage":"fr-FR"},{"@type":"Organization","@id":"https:\/\/cynqtech.com\/fr\/#organization","name":"CynQ","alternateName":"CynQ Technologies","url":"https:\/\/cynqtech.com\/fr\/","logo":{"@type":"ImageObject","inLanguage":"fr-FR","@id":"https:\/\/cynqtech.com\/fr\/#\/schema\/logo\/image\/","url":"https:\/\/cynqtech.com\/wp-content\/uploads\/2025\/10\/cynq-favicon-bleu-pale-fond-bleu-fonce-transparent-400x400-1.png","contentUrl":"https:\/\/cynqtech.com\/wp-content\/uploads\/2025\/10\/cynq-favicon-bleu-pale-fond-bleu-fonce-transparent-400x400-1.png","width":400,"height":400,"caption":"CynQ"},"image":{"@id":"https:\/\/cynqtech.com\/fr\/#\/schema\/logo\/image\/"},"sameAs":["https:\/\/facebook.com\/cyqtech","https:\/\/www.linkedin.com\/company\/cynqtech","https:\/\/www.instagram.com\/cynqtech"]}]}},"_links":{"self":[{"href":"https:\/\/cynqtech.com\/fr\/wp-json\/wp\/v2\/pages\/22624","targetHints":{"allow":["GET"]}}],"collection":[{"href":"https:\/\/cynqtech.com\/fr\/wp-json\/wp\/v2\/pages"}],"about":[{"href":"https:\/\/cynqtech.com\/fr\/wp-json\/wp\/v2\/types\/page"}],"author":[{"embeddable":true,"href":"https:\/\/cynqtech.com\/fr\/wp-json\/wp\/v2\/users\/2"}],"replies":[{"embeddable":true,"href":"https:\/\/cynqtech.com\/fr\/wp-json\/wp\/v2\/comments?post=22624"}],"version-history":[{"count":65,"href":"https:\/\/cynqtech.com\/fr\/wp-json\/wp\/v2\/pages\/22624\/revisions"}],"predecessor-version":[{"id":26360,"href":"https:\/\/cynqtech.com\/fr\/wp-json\/wp\/v2\/pages\/22624\/revisions\/26360"}],"wp:featuredmedia":[{"embeddable":true,"href":"https:\/\/cynqtech.com\/fr\/wp-json\/wp\/v2\/media\/24517"}],"wp:attachment":[{"href":"https:\/\/cynqtech.com\/fr\/wp-json\/wp\/v2\/media?parent=22624"}],"curies":[{"name":"wp","href":"https:\/\/api.w.org\/{rel}","templated":true}]}}