{"id":22568,"date":"2025-11-11T09:00:24","date_gmt":"2025-11-11T09:00:24","guid":{"rendered":"https:\/\/cynqtech.com\/?page_id=22568"},"modified":"2026-03-18T09:13:06","modified_gmt":"2026-03-18T09:13:06","slug":"about-cynq","status":"publish","type":"page","link":"https:\/\/cynqtech.com\/fr\/about-cynq\/","title":{"rendered":"\u00c0 propos"},"content":{"rendered":"\t\t<div data-elementor-type=\"wp-page\" data-elementor-id=\"22568\" class=\"elementor elementor-22568\" data-elementor-post-type=\"page\">\n\t\t\t\t<div class=\"elementor-element elementor-element-ed9c575 e-con-full e-flex e-con e-parent\" data-id=\"ed9c575\" data-element_type=\"container\" data-e-type=\"container\" data-settings=\"{&quot;background_background&quot;:&quot;classic&quot;,&quot;shape_divider_bottom&quot;:&quot;curve-asymmetrical&quot;,&quot;shape_divider_bottom_negative&quot;:&quot;yes&quot;}\">\n\t\t\t\t<div class=\"elementor-shape elementor-shape-bottom\" aria-hidden=\"true\" data-negative=\"true\">\n\t\t\t<svg xmlns=\"http:\/\/www.w3.org\/2000\/svg\" viewBox=\"0 0 1000 100\" preserveAspectRatio=\"none\">\n\t<path class=\"elementor-shape-fill\" d=\"M615.2,96.7C240.2,97.8,0,18.9,0,0v100h1000V0C1000,19.2,989.8,96,615.2,96.7z\"\/>\n<\/svg>\t\t<\/div>\n\t\t<div class=\"elementor-element elementor-element-5bdb5092 e-con-full elementor-hidden-mobile e-flex e-con e-child\" data-id=\"5bdb5092\" data-element_type=\"container\" data-e-type=\"container\">\n\t\t\t\t<div class=\"elementor-element elementor-element-63756adb animated-fast elementor-invisible elementor-widget elementor-widget-elementskit-heading\" data-id=\"63756adb\" data-element_type=\"widget\" data-e-type=\"widget\" data-settings=\"{&quot;_animation&quot;:&quot;fadeIn&quot;,&quot;_animation_delay&quot;:100,&quot;ekit_we_effect_on&quot;:&quot;none&quot;}\" data-widget_type=\"elementskit-heading.default\">\n\t\t\t\t\t<div class=\"ekit-wid-con\" ><div class=\"ekit-heading elementskit-section-title-wraper text_left   ekit_heading_tablet-   ekit_heading_mobile-\"><h1 class=\"ekit-heading--title elementskit-section-title \"><span><span>CynQ<\/span><\/span> simplifie vos chantiers<\/h1>\t\t\t\t<div class='ekit-heading__description'>\n\t\t\t\t\t<p>Nous ne voyons pas CynQ comme un simple logiciel, mais comme un partenaire de croissance et un outil pens\u00e9 pour plaire \u00e0 tous les utilisateurs.<\/p>\n\t\t\t\t<\/div>\n\t\t\t<\/div><\/div>\t\t\t\t<\/div>\n\t\t\t\t<\/div>\n\t\t\t\t<div class=\"elementor-element elementor-element-7625c8e8 elementor-widget elementor-widget-spacer\" data-id=\"7625c8e8\" data-element_type=\"widget\" data-e-type=\"widget\" data-settings=\"{&quot;ekit_we_effect_on&quot;:&quot;none&quot;}\" data-widget_type=\"spacer.default\">\n\t\t\t\t\t\t\t<div class=\"elementor-spacer\">\n\t\t\t<div class=\"elementor-spacer-inner\"><\/div>\n\t\t<\/div>\n\t\t\t\t\t\t<\/div>\n\t\t\t\t<\/div>\n\t\t<div class=\"elementor-element elementor-element-2825de93 e-flex e-con-boxed e-con e-parent\" data-id=\"2825de93\" data-element_type=\"container\" data-e-type=\"container\">\n\t\t\t\t\t<div class=\"e-con-inner\">\n\t\t\t\t<div class=\"elementor-element elementor-element-ff1fe94 animated-fast elementor-hidden-desktop elementor-hidden-tablet elementor-hidden-tablet_extra elementor-invisible elementor-widget elementor-widget-elementskit-heading\" data-id=\"ff1fe94\" data-element_type=\"widget\" data-e-type=\"widget\" data-settings=\"{&quot;_animation&quot;:&quot;fadeIn&quot;,&quot;_animation_delay&quot;:100,&quot;ekit_we_effect_on&quot;:&quot;none&quot;}\" data-widget_type=\"elementskit-heading.default\">\n\t\t\t\t\t<div class=\"ekit-wid-con\" ><div class=\"ekit-heading elementskit-section-title-wraper text_left   ekit_heading_tablet-   ekit_heading_mobile-\"><h1 class=\"ekit-heading--title elementskit-section-title \"><span><span>CynQ<\/span><\/span> simplifie vos chantiers<\/h1>\t\t\t\t<div class='ekit-heading__description'>\n\t\t\t\t\t<p>Nous ne voyons pas CynQ comme un simple logiciel, mais comme un partenaire de croissance et un outil pens\u00e9 pour plaire \u00e0 tous les utilisateurs.<\/p>\n\t\t\t\t<\/div>\n\t\t\t<\/div><\/div>\t\t\t\t<\/div>\n\t\t\t\t\t<\/div>\n\t\t\t\t<\/div>\n\t\t<div class=\"elementor-element elementor-element-d388da0 e-flex e-con-boxed e-con e-parent\" data-id=\"d388da0\" data-element_type=\"container\" data-e-type=\"container\">\n\t\t\t\t\t<div class=\"e-con-inner\">\n\t\t\t\t<div class=\"elementor-element elementor-element-f2a80bd elementor-widget elementor-widget-heading\" data-id=\"f2a80bd\" data-element_type=\"widget\" data-e-type=\"widget\" data-settings=\"{&quot;ekit_we_effect_on&quot;:&quot;none&quot;}\" data-widget_type=\"heading.default\">\n\t\t\t\t\t<h2 class=\"elementor-heading-title elementor-size-default\">\u00c0 propos de CynQ<\/h2>\t\t\t\t<\/div>\n\t\t\t\t<div class=\"elementor-element elementor-element-33a71c1 elementor-widget elementor-widget-text-editor\" data-id=\"33a71c1\" data-element_type=\"widget\" data-e-type=\"widget\" data-settings=\"{&quot;ekit_we_effect_on&quot;:&quot;none&quot;}\" data-widget_type=\"text-editor.default\">\n\t\t\t\t\t\t\t\t\t<p>Chez CynQ, nous croyons que la technologie doit simplifier la r\u00e9alit\u00e9 des entrepreneurs en construction \u2014 pas la compliquer.<\/p><p>Depuis pr\u00e8s de dix ans, notre \u00e9quipe accompagne des startups et des entreprises \u00e9tablies dans la cr\u00e9ation d\u2019outils num\u00e9riques performants : plateformes web, automatisations marketing et solutions de gestion adapt\u00e9es \u00e0 leurs besoins.<\/p><p>Notre mission : rendre la gestion plus simple, plus fluide et plus rentable pour les entrepreneurs d\u2019aujourd\u2019hui et de demain.<\/p>\t\t\t\t\t\t\t\t<\/div>\n\t\t\t\t\t<\/div>\n\t\t\t\t<\/div>\n\t\t<div class=\"elementor-element elementor-element-0b3350c e-flex e-con-boxed e-con e-parent\" data-id=\"0b3350c\" data-element_type=\"container\" data-e-type=\"container\">\n\t\t\t\t\t<div class=\"e-con-inner\">\n\t\t\t\t<div class=\"elementor-element elementor-element-d67c42b elementor-widget elementor-widget-heading\" data-id=\"d67c42b\" data-element_type=\"widget\" data-e-type=\"widget\" data-settings=\"{&quot;ekit_we_effect_on&quot;:&quot;none&quot;}\" data-widget_type=\"heading.default\">\n\t\t\t\t\t<h2 class=\"elementor-heading-title elementor-size-default\">Des racines solides dans le monde de la construction<\/h2>\t\t\t\t<\/div>\n\t\t\t\t<div class=\"elementor-element elementor-element-d0093ea elementor-widget elementor-widget-heading\" data-id=\"d0093ea\" data-element_type=\"widget\" data-e-type=\"widget\" data-settings=\"{&quot;ekit_we_effect_on&quot;:&quot;none&quot;}\" data-widget_type=\"heading.default\">\n\t\t\t\t\t<h3 class=\"elementor-heading-title elementor-size-default\">L'innovation n\u00e9e du terrain<\/h3>\t\t\t\t<\/div>\n\t\t\t\t<div class=\"elementor-element elementor-element-5a11048 elementor-widget elementor-widget-text-editor\" data-id=\"5a11048\" data-element_type=\"widget\" data-e-type=\"widget\" data-settings=\"{&quot;ekit_we_effect_on&quot;:&quot;none&quot;}\" data-widget_type=\"text-editor.default\">\n\t\t\t\t\t\t\t\t\t<p>Au fil de nos mandats, nous avons collabor\u00e9 avec de nombreuses entreprises \u0153uvrant dans la construction r\u00e9sidentielle, la fabrication d\u2019armoires de cuisine, l\u2019immobilier et d\u2019autres secteurs connexes.<\/p><p>Ces exp\u00e9riences nous ont permis de comprendre les d\u00e9fis concrets des chantiers: manque de temps, informations dispers\u00e9es, suivis complexes, main-d\u2019\u0153uvre limit\u00e9e.<\/p><p>CynQ est n\u00e9 de cette compr\u00e9hension terrain.<\/p><p>Les bases de la plateforme ont \u00e9t\u00e9 \u00e9tablies avec des entrepreneurs, des gestionnaires et des experts du domaine afin d\u2019offrir un outil r\u00e9ellement align\u00e9 sur les besoins du secteur.<\/p>\t\t\t\t\t\t\t\t<\/div>\n\t\t\t\t<div class=\"elementor-element elementor-element-760b03f elementor-widget elementor-widget-heading\" data-id=\"760b03f\" data-element_type=\"widget\" data-e-type=\"widget\" data-settings=\"{&quot;ekit_we_effect_on&quot;:&quot;none&quot;}\" data-widget_type=\"heading.default\">\n\t\t\t\t\t<h3 class=\"elementor-heading-title elementor-size-default\">Notre force repose sur une expertise technologique reconnue \u00e0 l\u2019international<\/h3>\t\t\t\t<\/div>\n\t\t\t\t<div class=\"elementor-element elementor-element-9f4cb04 elementor-widget elementor-widget-text-editor\" data-id=\"9f4cb04\" data-element_type=\"widget\" data-e-type=\"widget\" data-settings=\"{&quot;ekit_we_effect_on&quot;:&quot;none&quot;}\" data-widget_type=\"text-editor.default\">\n\t\t\t\t\t\t\t\t\t<p>Notre CEO, <strong><a href=\"https:\/\/www.linkedin.com\/in\/pierrecusteau\/\">Pierre Custeau<\/a><\/strong>, a dirig\u00e9 la conception de logiciels utilis\u00e9s par certaines des plus importantes entreprises au monde \u2014 Microsoft, Amazon, Intel, Salesforce, LinkedIn et plusieurs autres.<\/p><p>\u00c0 ses c\u00f4t\u00e9s, <strong><a href=\"https:\/\/www.linkedin.com\/in\/marie-claude-veillette-6b52807\/\">Marie-Claude Veillette<\/a><\/strong>, cofondatrice et partenaire d\u2019affaires, met \u00e0 profit son vaste parcours en communication, marketing et strat\u00e9gie num\u00e9rique.<\/p><p>Notre exp\u00e9rience aupr\u00e8s d\u2019entreprises qu\u00e9b\u00e9coises, de marques nationales et d&rsquo;entreprises internationales a contribu\u00e9 \u00e0 faire de CynQ une plateforme \u00e0 la fois performante, accessible et profond\u00e9ment ancr\u00e9e dans la r\u00e9alit\u00e9 des entrepreneurs.<\/p><p>Ce qui nous anime : d\u00e9velopper des outils qui allient puissance technologique et simplicit\u00e9 d\u2019utilisation.<\/p>\t\t\t\t\t\t\t\t<\/div>\n\t\t\t\t\t<\/div>\n\t\t\t\t<\/div>\n\t\t<div class=\"elementor-element elementor-element-4e9b5b2 e-flex e-con-boxed e-con e-parent\" data-id=\"4e9b5b2\" data-element_type=\"container\" data-e-type=\"container\">\n\t\t\t\t\t<div class=\"e-con-inner\">\n\t\t\t\t<div class=\"elementor-element elementor-element-55121db elementor-widget elementor-widget-heading\" data-id=\"55121db\" data-element_type=\"widget\" data-e-type=\"widget\" data-settings=\"{&quot;ekit_we_effect_on&quot;:&quot;none&quot;}\" data-widget_type=\"heading.default\">\n\t\t\t\t\t<h2 class=\"elementor-heading-title elementor-size-default\">Une plateforme pens\u00e9e pour les utilisateurs \u2014 tous les utilisateurs !<\/h2>\t\t\t\t<\/div>\n\t\t<div class=\"elementor-element elementor-element-fcd9441 e-con-full e-flex e-con e-child\" data-id=\"fcd9441\" data-element_type=\"container\" data-e-type=\"container\">\n\t\t<div class=\"elementor-element elementor-element-4b42a7c e-con-full e-flex e-con e-child\" data-id=\"4b42a7c\" data-element_type=\"container\" data-e-type=\"container\">\n\t\t<div class=\"elementor-element elementor-element-fdda169 e-con-full e-flex e-con e-child\" data-id=\"fdda169\" data-element_type=\"container\" data-e-type=\"container\">\n\t\t\t\t<div class=\"elementor-element elementor-element-8ba4247 elementor-widget elementor-widget-image\" data-id=\"8ba4247\" data-element_type=\"widget\" data-e-type=\"widget\" data-settings=\"{&quot;ekit_we_effect_on&quot;:&quot;none&quot;}\" data-widget_type=\"image.default\">\n\t\t\t\t\t\t\t\t\t\t\t\t\t\t\t<img fetchpriority=\"high\" decoding=\"async\" width=\"768\" height=\"804\" src=\"https:\/\/cynqtech.com\/wp-content\/uploads\/2026\/01\/5Y5A9669REa-768x804.jpg\" class=\"attachment-medium_large size-medium_large wp-image-24028\" alt=\"\" srcset=\"https:\/\/cynqtech.com\/wp-content\/uploads\/2026\/01\/5Y5A9669REa-768x804.jpg 768w, https:\/\/cynqtech.com\/wp-content\/uploads\/2026\/01\/5Y5A9669REa-286x300.jpg 286w, https:\/\/cynqtech.com\/wp-content\/uploads\/2026\/01\/5Y5A9669REa-978x1024.jpg 978w, https:\/\/cynqtech.com\/wp-content\/uploads\/2026\/01\/5Y5A9669REa-1467x1536.jpg 1467w, https:\/\/cynqtech.com\/wp-content\/uploads\/2026\/01\/5Y5A9669REa-1956x2048.jpg 1956w, https:\/\/cynqtech.com\/wp-content\/uploads\/2026\/01\/5Y5A9669REa-11x12.jpg 11w, https:\/\/cynqtech.com\/wp-content\/uploads\/2026\/01\/5Y5A9669REa-710x744.jpg 710w\" sizes=\"(max-width: 768px) 100vw, 768px\" \/>\t\t\t\t\t\t\t\t\t\t\t\t\t\t\t<\/div>\n\t\t\t\t<\/div>\n\t\t<div class=\"elementor-element elementor-element-ce15517 e-con-full e-flex e-con e-child\" data-id=\"ce15517\" data-element_type=\"container\" data-e-type=\"container\">\n\t\t\t\t<div class=\"elementor-element elementor-element-ffd8137 elementor-widget elementor-widget-html\" data-id=\"ffd8137\" data-element_type=\"widget\" data-e-type=\"widget\" data-settings=\"{&quot;ekit_we_effect_on&quot;:&quot;none&quot;}\" data-widget_type=\"html.default\">\n\t\t\t\t\t<blockquote>\n<p>CynQ a \u00e9t\u00e9 con\u00e7u avec une approche centr\u00e9e sur l\u2019humain.<\/p>\n\n<p>Notre priorit\u00e9 : que vos gestionnaires, employ\u00e9s et sous-traitants aiment utiliser le logiciel. Parce qu\u2019un outil appr\u00e9ci\u00e9, c\u2019est un outil qui livre des r\u00e9sultats.\n<\/p>\n<p>\nNous investissons massivement dans l\u2019ergonomie, le design et la simplicit\u00e9 d\u2019utilisation, en observant en continu la fa\u00e7on dont les utilisateurs interagissent avec la plateforme.\n<\/p>\n<p>\nGr\u00e2ce \u00e0 des outils t\u00e9l\u00e9m\u00e9triques et \u00e0 l\u2019intelligence artificielle, nous am\u00e9liorons constamment CynQ pour le rendre plus intuitif, plus rapide et plus intelligent.\n<\/p>\n<p>\nNotre objectif est clair : Que CynQ propulse vos projets, votre performance et la satisfaction de vos \u00e9quipes.\n<\/p>\n<br\/>\n<strong>Pierre Custeau, CEO<\/strong>\n<\/blockquote>\n\t\t\t\t<\/div>\n\t\t\t\t<\/div>\n\t\t\t\t<\/div>\n\t\t\t\t<\/div>\n\t\t\t\t\t<\/div>\n\t\t\t\t<\/div>\n\t\t<div class=\"elementor-element elementor-element-fc10eba e-flex e-con-boxed e-con e-parent\" data-id=\"fc10eba\" data-element_type=\"container\" data-e-type=\"container\">\n\t\t\t\t\t<div class=\"e-con-inner\">\n\t\t\t\t<div class=\"elementor-element elementor-element-7819d44 elementor-widget elementor-widget-heading\" data-id=\"7819d44\" data-element_type=\"widget\" data-e-type=\"widget\" data-settings=\"{&quot;ekit_we_effect_on&quot;:&quot;none&quot;}\" data-widget_type=\"heading.default\">\n\t\t\t\t\t<h2 class=\"elementor-heading-title elementor-size-default\">Notre vision : \u00e9voluer avec vous<\/h2>\t\t\t\t<\/div>\n\t\t\t\t<div class=\"elementor-element elementor-element-0217fce elementor-widget elementor-widget-text-editor\" data-id=\"0217fce\" data-element_type=\"widget\" data-e-type=\"widget\" data-settings=\"{&quot;ekit_we_effect_on&quot;:&quot;none&quot;}\" data-widget_type=\"text-editor.default\">\n\t\t\t\t\t\t\t\t\t<p>Nous ne voyons pas CynQ comme un simple logiciel, mais comme un partenaire de croissance.<\/p><p>Chaque client fait partie du processus d\u2019am\u00e9lioration continue : nous \u00e9coutons, observons, analysons et adaptons.<\/p><p>Vos besoins et vos commentaires fa\u00e7onnent directement les prochaines \u00e9volutions du produit.<\/p><p>CynQ grandit avec votre entreprise, vos projets et votre \u00e9quipe \u2014 toujours dans le but de vous aider \u00e0 mieux planifier, mieux collaborer et mieux b\u00e2tir.<\/p>\t\t\t\t\t\t\t\t<\/div>\n\t\t\t\t\t<\/div>\n\t\t\t\t<\/div>\n\t\t\t\t<\/div>\n\t\t","protected":false},"excerpt":{"rendered":"<p>CynQ simplifie vos chantiers Nous ne voyons pas CynQ comme un simple logiciel, mais comme un partenaire de croissance et un outil pens\u00e9 pour plaire \u00e0 tous les utilisateurs. CynQ simplifie vos chantiers Nous ne voyons pas CynQ comme un simple logiciel, mais comme un partenaire de croissance et un outil pens\u00e9 pour plaire \u00e0 [&hellip;]<\/p>\n","protected":false},"author":2,"featured_media":22501,"parent":0,"menu_order":0,"comment_status":"closed","ping_status":"closed","template":"","meta":{"_acf_changed":false,"content-type":"","footnotes":""},"class_list":["post-22568","page","type-page","status-publish","has-post-thumbnail","hentry"],"acf":[],"yoast_head":"<!-- This site is optimized with the Yoast SEO Premium plugin v27.4 (Yoast SEO v27.6) - https:\/\/yoast.com\/product\/yoast-seo-premium-wordpress\/ -->\n<title>\u00c0 propos de CynQ | Logiciel de gestion construction IA<\/title>\n<meta name=\"description\" content=\"D\u00e9couvrez la mission de CynQ : simplifier la gestion de construction gr\u00e2ce \u00e0 l\u2019IA, am\u00e9liorer la coordination des \u00e9quipes et aider les entrepreneurs \u00e0 b\u00e2tir plus efficacement.\" \/>\n<meta name=\"robots\" content=\"index, follow, max-snippet:-1, max-image-preview:large, max-video-preview:-1\" \/>\n<link rel=\"canonical\" href=\"https:\/\/cynqtech.com\/fr\/about-cynq\/\" \/>\n<meta property=\"og:locale\" content=\"fr_FR\" \/>\n<meta property=\"og:type\" content=\"article\" \/>\n<meta property=\"og:title\" content=\"\u00c0 propos\" \/>\n<meta property=\"og:description\" content=\"D\u00e9couvrez la mission de CynQ : simplifier la gestion de construction gr\u00e2ce \u00e0 l\u2019IA, am\u00e9liorer la coordination des \u00e9quipes et aider les entrepreneurs \u00e0 b\u00e2tir plus efficacement.\" \/>\n<meta property=\"og:url\" content=\"https:\/\/cynqtech.com\/fr\/about-cynq\/\" \/>\n<meta property=\"og:site_name\" content=\"CynQ\" \/>\n<meta property=\"article:publisher\" content=\"https:\/\/facebook.com\/cyqtech\" \/>\n<meta property=\"article:modified_time\" content=\"2026-03-18T09:13:06+00:00\" \/>\n<meta property=\"og:image\" content=\"https:\/\/cynqtech.com\/wp-content\/uploads\/2025\/10\/image-blog-banner-Travailler-avec-la-bonne-version-des-plans-cynq.jpg\" \/>\n\t<meta property=\"og:image:width\" content=\"1700\" \/>\n\t<meta property=\"og:image:height\" content=\"1100\" \/>\n\t<meta property=\"og:image:type\" content=\"image\/jpeg\" \/>\n<meta name=\"twitter:card\" content=\"summary_large_image\" \/>\n<meta name=\"twitter:label1\" content=\"Dur\u00e9e de lecture estim\u00e9e\" \/>\n\t<meta name=\"twitter:data1\" content=\"3 minutes\" \/>\n<script type=\"application\/ld+json\" class=\"yoast-schema-graph\">{\"@context\":\"https:\\\/\\\/schema.org\",\"@graph\":[{\"@type\":\"WebPage\",\"@id\":\"https:\\\/\\\/cynqtech.com\\\/fr\\\/about-cynq\\\/\",\"url\":\"https:\\\/\\\/cynqtech.com\\\/fr\\\/about-cynq\\\/\",\"name\":\"\u00c0 propos de CynQ | Logiciel de gestion construction IA\",\"isPartOf\":{\"@id\":\"https:\\\/\\\/cynqtech.com\\\/fr\\\/#website\"},\"primaryImageOfPage\":{\"@id\":\"https:\\\/\\\/cynqtech.com\\\/fr\\\/about-cynq\\\/#primaryimage\"},\"image\":{\"@id\":\"https:\\\/\\\/cynqtech.com\\\/fr\\\/about-cynq\\\/#primaryimage\"},\"thumbnailUrl\":\"https:\\\/\\\/cynqtech.com\\\/wp-content\\\/uploads\\\/2025\\\/10\\\/image-blog-banner-Travailler-avec-la-bonne-version-des-plans-cynq.jpg\",\"datePublished\":\"2025-11-11T09:00:24+00:00\",\"dateModified\":\"2026-03-18T09:13:06+00:00\",\"description\":\"D\u00e9couvrez la mission de CynQ : simplifier la gestion de construction gr\u00e2ce \u00e0 l\u2019IA, am\u00e9liorer la coordination des \u00e9quipes et aider les entrepreneurs \u00e0 b\u00e2tir plus efficacement.\",\"breadcrumb\":{\"@id\":\"https:\\\/\\\/cynqtech.com\\\/fr\\\/about-cynq\\\/#breadcrumb\"},\"inLanguage\":\"fr-FR\",\"potentialAction\":[{\"@type\":\"ReadAction\",\"target\":[\"https:\\\/\\\/cynqtech.com\\\/fr\\\/about-cynq\\\/\"]}]},{\"@type\":\"ImageObject\",\"inLanguage\":\"fr-FR\",\"@id\":\"https:\\\/\\\/cynqtech.com\\\/fr\\\/about-cynq\\\/#primaryimage\",\"url\":\"https:\\\/\\\/cynqtech.com\\\/wp-content\\\/uploads\\\/2025\\\/10\\\/image-blog-banner-Travailler-avec-la-bonne-version-des-plans-cynq.jpg\",\"contentUrl\":\"https:\\\/\\\/cynqtech.com\\\/wp-content\\\/uploads\\\/2025\\\/10\\\/image-blog-banner-Travailler-avec-la-bonne-version-des-plans-cynq.jpg\",\"width\":1700,\"height\":1100},{\"@type\":\"BreadcrumbList\",\"@id\":\"https:\\\/\\\/cynqtech.com\\\/fr\\\/about-cynq\\\/#breadcrumb\",\"itemListElement\":[{\"@type\":\"ListItem\",\"position\":1,\"name\":\"Accueil\",\"item\":\"https:\\\/\\\/cynqtech.com\\\/fr\\\/\"},{\"@type\":\"ListItem\",\"position\":2,\"name\":\"\u00c0 propos\"}]},{\"@type\":\"WebSite\",\"@id\":\"https:\\\/\\\/cynqtech.com\\\/fr\\\/#website\",\"url\":\"https:\\\/\\\/cynqtech.com\\\/fr\\\/\",\"name\":\"CynQ\",\"description\":\"Outil de gestion centralis\u00e9e pour les entrepreneurs en construction\",\"publisher\":{\"@id\":\"https:\\\/\\\/cynqtech.com\\\/fr\\\/#organization\"},\"alternateName\":\"CynQ Technologies\",\"potentialAction\":[{\"@type\":\"SearchAction\",\"target\":{\"@type\":\"EntryPoint\",\"urlTemplate\":\"https:\\\/\\\/cynqtech.com\\\/fr\\\/?s={search_term_string}\"},\"query-input\":{\"@type\":\"PropertyValueSpecification\",\"valueRequired\":true,\"valueName\":\"search_term_string\"}}],\"inLanguage\":\"fr-FR\"},{\"@type\":\"Organization\",\"@id\":\"https:\\\/\\\/cynqtech.com\\\/fr\\\/#organization\",\"name\":\"CynQ\",\"alternateName\":\"CynQ Technologies\",\"url\":\"https:\\\/\\\/cynqtech.com\\\/fr\\\/\",\"logo\":{\"@type\":\"ImageObject\",\"inLanguage\":\"fr-FR\",\"@id\":\"https:\\\/\\\/cynqtech.com\\\/fr\\\/#\\\/schema\\\/logo\\\/image\\\/\",\"url\":\"https:\\\/\\\/cynqtech.com\\\/wp-content\\\/uploads\\\/2025\\\/10\\\/cynq-favicon-bleu-pale-fond-bleu-fonce-transparent-400x400-1.png\",\"contentUrl\":\"https:\\\/\\\/cynqtech.com\\\/wp-content\\\/uploads\\\/2025\\\/10\\\/cynq-favicon-bleu-pale-fond-bleu-fonce-transparent-400x400-1.png\",\"width\":400,\"height\":400,\"caption\":\"CynQ\"},\"image\":{\"@id\":\"https:\\\/\\\/cynqtech.com\\\/fr\\\/#\\\/schema\\\/logo\\\/image\\\/\"},\"sameAs\":[\"https:\\\/\\\/facebook.com\\\/cyqtech\",\"https:\\\/\\\/www.linkedin.com\\\/company\\\/cynqtech\",\"https:\\\/\\\/www.instagram.com\\\/cynqtech\"]}]}<\/script>\n<!-- \/ Yoast SEO Premium plugin. -->","yoast_head_json":{"title":"\u00c0 propos de CynQ | Logiciel de gestion construction IA","description":"D\u00e9couvrez la mission de CynQ : simplifier la gestion de construction gr\u00e2ce \u00e0 l\u2019IA, am\u00e9liorer la coordination des \u00e9quipes et aider les entrepreneurs \u00e0 b\u00e2tir plus efficacement.","robots":{"index":"index","follow":"follow","max-snippet":"max-snippet:-1","max-image-preview":"max-image-preview:large","max-video-preview":"max-video-preview:-1"},"canonical":"https:\/\/cynqtech.com\/fr\/about-cynq\/","og_locale":"fr_FR","og_type":"article","og_title":"\u00c0 propos","og_description":"D\u00e9couvrez la mission de CynQ : simplifier la gestion de construction gr\u00e2ce \u00e0 l\u2019IA, am\u00e9liorer la coordination des \u00e9quipes et aider les entrepreneurs \u00e0 b\u00e2tir plus efficacement.","og_url":"https:\/\/cynqtech.com\/fr\/about-cynq\/","og_site_name":"CynQ","article_publisher":"https:\/\/facebook.com\/cyqtech","article_modified_time":"2026-03-18T09:13:06+00:00","og_image":[{"width":1700,"height":1100,"url":"https:\/\/cynqtech.com\/wp-content\/uploads\/2025\/10\/image-blog-banner-Travailler-avec-la-bonne-version-des-plans-cynq.jpg","type":"image\/jpeg"}],"twitter_card":"summary_large_image","twitter_misc":{"Dur\u00e9e de lecture estim\u00e9e":"3 minutes"},"schema":{"@context":"https:\/\/schema.org","@graph":[{"@type":"WebPage","@id":"https:\/\/cynqtech.com\/fr\/about-cynq\/","url":"https:\/\/cynqtech.com\/fr\/about-cynq\/","name":"\u00c0 propos de CynQ | Logiciel de gestion construction IA","isPartOf":{"@id":"https:\/\/cynqtech.com\/fr\/#website"},"primaryImageOfPage":{"@id":"https:\/\/cynqtech.com\/fr\/about-cynq\/#primaryimage"},"image":{"@id":"https:\/\/cynqtech.com\/fr\/about-cynq\/#primaryimage"},"thumbnailUrl":"https:\/\/cynqtech.com\/wp-content\/uploads\/2025\/10\/image-blog-banner-Travailler-avec-la-bonne-version-des-plans-cynq.jpg","datePublished":"2025-11-11T09:00:24+00:00","dateModified":"2026-03-18T09:13:06+00:00","description":"D\u00e9couvrez la mission de CynQ : simplifier la gestion de construction gr\u00e2ce \u00e0 l\u2019IA, am\u00e9liorer la coordination des \u00e9quipes et aider les entrepreneurs \u00e0 b\u00e2tir plus efficacement.","breadcrumb":{"@id":"https:\/\/cynqtech.com\/fr\/about-cynq\/#breadcrumb"},"inLanguage":"fr-FR","potentialAction":[{"@type":"ReadAction","target":["https:\/\/cynqtech.com\/fr\/about-cynq\/"]}]},{"@type":"ImageObject","inLanguage":"fr-FR","@id":"https:\/\/cynqtech.com\/fr\/about-cynq\/#primaryimage","url":"https:\/\/cynqtech.com\/wp-content\/uploads\/2025\/10\/image-blog-banner-Travailler-avec-la-bonne-version-des-plans-cynq.jpg","contentUrl":"https:\/\/cynqtech.com\/wp-content\/uploads\/2025\/10\/image-blog-banner-Travailler-avec-la-bonne-version-des-plans-cynq.jpg","width":1700,"height":1100},{"@type":"BreadcrumbList","@id":"https:\/\/cynqtech.com\/fr\/about-cynq\/#breadcrumb","itemListElement":[{"@type":"ListItem","position":1,"name":"Accueil","item":"https:\/\/cynqtech.com\/fr\/"},{"@type":"ListItem","position":2,"name":"\u00c0 propos"}]},{"@type":"WebSite","@id":"https:\/\/cynqtech.com\/fr\/#website","url":"https:\/\/cynqtech.com\/fr\/","name":"CynQ","description":"Outil de gestion centralis\u00e9e pour les entrepreneurs en construction","publisher":{"@id":"https:\/\/cynqtech.com\/fr\/#organization"},"alternateName":"CynQ Technologies","potentialAction":[{"@type":"SearchAction","target":{"@type":"EntryPoint","urlTemplate":"https:\/\/cynqtech.com\/fr\/?s={search_term_string}"},"query-input":{"@type":"PropertyValueSpecification","valueRequired":true,"valueName":"search_term_string"}}],"inLanguage":"fr-FR"},{"@type":"Organization","@id":"https:\/\/cynqtech.com\/fr\/#organization","name":"CynQ","alternateName":"CynQ Technologies","url":"https:\/\/cynqtech.com\/fr\/","logo":{"@type":"ImageObject","inLanguage":"fr-FR","@id":"https:\/\/cynqtech.com\/fr\/#\/schema\/logo\/image\/","url":"https:\/\/cynqtech.com\/wp-content\/uploads\/2025\/10\/cynq-favicon-bleu-pale-fond-bleu-fonce-transparent-400x400-1.png","contentUrl":"https:\/\/cynqtech.com\/wp-content\/uploads\/2025\/10\/cynq-favicon-bleu-pale-fond-bleu-fonce-transparent-400x400-1.png","width":400,"height":400,"caption":"CynQ"},"image":{"@id":"https:\/\/cynqtech.com\/fr\/#\/schema\/logo\/image\/"},"sameAs":["https:\/\/facebook.com\/cyqtech","https:\/\/www.linkedin.com\/company\/cynqtech","https:\/\/www.instagram.com\/cynqtech"]}]}},"_links":{"self":[{"href":"https:\/\/cynqtech.com\/fr\/wp-json\/wp\/v2\/pages\/22568","targetHints":{"allow":["GET"]}}],"collection":[{"href":"https:\/\/cynqtech.com\/fr\/wp-json\/wp\/v2\/pages"}],"about":[{"href":"https:\/\/cynqtech.com\/fr\/wp-json\/wp\/v2\/types\/page"}],"author":[{"embeddable":true,"href":"https:\/\/cynqtech.com\/fr\/wp-json\/wp\/v2\/users\/2"}],"replies":[{"embeddable":true,"href":"https:\/\/cynqtech.com\/fr\/wp-json\/wp\/v2\/comments?post=22568"}],"version-history":[{"count":104,"href":"https:\/\/cynqtech.com\/fr\/wp-json\/wp\/v2\/pages\/22568\/revisions"}],"predecessor-version":[{"id":24708,"href":"https:\/\/cynqtech.com\/fr\/wp-json\/wp\/v2\/pages\/22568\/revisions\/24708"}],"wp:featuredmedia":[{"embeddable":true,"href":"https:\/\/cynqtech.com\/fr\/wp-json\/wp\/v2\/media\/22501"}],"wp:attachment":[{"href":"https:\/\/cynqtech.com\/fr\/wp-json\/wp\/v2\/media?parent=22568"}],"curies":[{"name":"wp","href":"https:\/\/api.w.org\/{rel}","templated":true}]}}