{"id":25974,"date":"2025-11-11T09:00:24","date_gmt":"2025-11-11T09:00:24","guid":{"rendered":"https:\/\/cynqtech.com\/acerca-de\/"},"modified":"2026-05-12T03:45:12","modified_gmt":"2026-05-12T03:45:12","slug":"acerca-de","status":"publish","type":"page","link":"https:\/\/cynqtech.com\/es\/acerca-de\/","title":{"rendered":"Acerca de"},"content":{"rendered":"\t\t<div data-elementor-type=\"wp-page\" data-elementor-id=\"25974\" class=\"elementor elementor-25974 elementor-22568\" data-elementor-post-type=\"page\">\n\t\t\t\t<div class=\"elementor-element elementor-element-ed9c575 e-con-full e-flex e-con e-parent\" data-id=\"ed9c575\" data-element_type=\"container\" data-e-type=\"container\" data-settings=\"{&quot;background_background&quot;:&quot;classic&quot;,&quot;shape_divider_bottom&quot;:&quot;curve-asymmetrical&quot;,&quot;shape_divider_bottom_negative&quot;:&quot;yes&quot;}\">\n\t\t\t\t<div class=\"elementor-shape elementor-shape-bottom\" aria-hidden=\"true\" data-negative=\"true\">\n\t\t\t<svg xmlns=\"http:\/\/www.w3.org\/2000\/svg\" viewBox=\"0 0 1000 100\" preserveAspectRatio=\"none\">\n\t<path class=\"elementor-shape-fill\" d=\"M615.2,96.7C240.2,97.8,0,18.9,0,0v100h1000V0C1000,19.2,989.8,96,615.2,96.7z\"\/>\n<\/svg>\t\t<\/div>\n\t\t<div class=\"elementor-element elementor-element-5bdb5092 e-con-full elementor-hidden-mobile e-flex e-con e-child\" data-id=\"5bdb5092\" data-element_type=\"container\" data-e-type=\"container\">\n\t\t\t\t<div class=\"elementor-element elementor-element-63756adb animated-fast elementor-invisible elementor-widget elementor-widget-elementskit-heading\" data-id=\"63756adb\" data-element_type=\"widget\" data-e-type=\"widget\" data-settings=\"{&quot;_animation&quot;:&quot;fadeIn&quot;,&quot;_animation_delay&quot;:100,&quot;ekit_we_effect_on&quot;:&quot;none&quot;}\" data-widget_type=\"elementskit-heading.default\">\n\t\t\t\t\t<div class=\"ekit-wid-con\" ><div class=\"ekit-heading elementskit-section-title-wraper text_left   ekit_heading_tablet-   ekit_heading_mobile-\"><h1 class=\"ekit-heading--title elementskit-section-title \"><span><span>CynQ<\/span><\/span> simplifica sus obras<\/h1>\t\t\t\t<div class='ekit-heading__description'>\n\t\t\t\t\t<p>No vemos a CynQ solo como un software, sino como un socio de crecimiento y una herramienta dise\u00f1ada para atraer a todos los usuarios.<\/p>\n\t\t\t\t<\/div>\n\t\t\t<\/div><\/div>\t\t\t\t<\/div>\n\t\t\t\t<\/div>\n\t\t\t\t<div class=\"elementor-element elementor-element-7625c8e8 elementor-widget elementor-widget-spacer\" data-id=\"7625c8e8\" data-element_type=\"widget\" data-e-type=\"widget\" data-settings=\"{&quot;ekit_we_effect_on&quot;:&quot;none&quot;}\" data-widget_type=\"spacer.default\">\n\t\t\t\t\t\t\t<div class=\"elementor-spacer\">\n\t\t\t<div class=\"elementor-spacer-inner\"><\/div>\n\t\t<\/div>\n\t\t\t\t\t\t<\/div>\n\t\t\t\t<\/div>\n\t\t<div class=\"elementor-element elementor-element-2825de93 e-flex e-con-boxed e-con e-parent\" data-id=\"2825de93\" data-element_type=\"container\" data-e-type=\"container\">\n\t\t\t\t\t<div class=\"e-con-inner\">\n\t\t\t\t<div class=\"elementor-element elementor-element-ff1fe94 animated-fast elementor-hidden-desktop elementor-hidden-tablet elementor-hidden-tablet_extra elementor-invisible elementor-widget elementor-widget-elementskit-heading\" data-id=\"ff1fe94\" data-element_type=\"widget\" data-e-type=\"widget\" data-settings=\"{&quot;_animation&quot;:&quot;fadeIn&quot;,&quot;_animation_delay&quot;:100,&quot;ekit_we_effect_on&quot;:&quot;none&quot;}\" data-widget_type=\"elementskit-heading.default\">\n\t\t\t\t\t<div class=\"ekit-wid-con\" ><div class=\"ekit-heading elementskit-section-title-wraper text_left   ekit_heading_tablet-   ekit_heading_mobile-\"><h1 class=\"ekit-heading--title elementskit-section-title \"><span><span>CynQ<\/span><\/span> simplifica sus obras<\/h1>\t\t\t\t<div class='ekit-heading__description'>\n\t\t\t\t\t<p>No vemos a CynQ solo como un software, sino como un socio de crecimiento y una herramienta dise\u00f1ada para atraer a todos los usuarios.<\/p>\n\t\t\t\t<\/div>\n\t\t\t<\/div><\/div>\t\t\t\t<\/div>\n\t\t\t\t\t<\/div>\n\t\t\t\t<\/div>\n\t\t<div class=\"elementor-element elementor-element-d388da0 e-flex e-con-boxed e-con e-parent\" data-id=\"d388da0\" data-element_type=\"container\" data-e-type=\"container\">\n\t\t\t\t\t<div class=\"e-con-inner\">\n\t\t\t\t<div class=\"elementor-element elementor-element-f2a80bd elementor-widget elementor-widget-heading\" data-id=\"f2a80bd\" data-element_type=\"widget\" data-e-type=\"widget\" data-settings=\"{&quot;ekit_we_effect_on&quot;:&quot;none&quot;}\" data-widget_type=\"heading.default\">\n\t\t\t\t\t<h2 class=\"elementor-heading-title elementor-size-default\">Acerca de CynQ<\/h2>\t\t\t\t<\/div>\n\t\t\t\t<div class=\"elementor-element elementor-element-33a71c1 elementor-widget elementor-widget-text-editor\" data-id=\"33a71c1\" data-element_type=\"widget\" data-e-type=\"widget\" data-settings=\"{&quot;ekit_we_effect_on&quot;:&quot;none&quot;}\" data-widget_type=\"text-editor.default\">\n\t\t\t\t\t\t\t\t\t<p>En CynQ, creemos que la tecnolog\u00eda debe simplificar la realidad de los contratistas de construcci\u00f3n, no complicarla.<\/p><p>Durante casi diez a\u00f1os, nuestro equipo ha apoyado a startups y empresas consolidadas en la creaci\u00f3n de herramientas digitales de alto rendimiento: plataformas web, automatizaci\u00f3n de marketing y soluciones de gesti\u00f3n adaptadas a sus necesidades.<\/p><p>Nuestra misi\u00f3n: hacer que la gesti\u00f3n sea m\u00e1s sencilla, fluida y rentable para los contratistas de hoy y de ma\u00f1ana.<\/p>\t\t\t\t\t\t\t\t<\/div>\n\t\t\t\t\t<\/div>\n\t\t\t\t<\/div>\n\t\t<div class=\"elementor-element elementor-element-0b3350c e-flex e-con-boxed e-con e-parent\" data-id=\"0b3350c\" data-element_type=\"container\" data-e-type=\"container\">\n\t\t\t\t\t<div class=\"e-con-inner\">\n\t\t\t\t<div class=\"elementor-element elementor-element-d67c42b elementor-widget elementor-widget-heading\" data-id=\"d67c42b\" data-element_type=\"widget\" data-e-type=\"widget\" data-settings=\"{&quot;ekit_we_effect_on&quot;:&quot;none&quot;}\" data-widget_type=\"heading.default\">\n\t\t\t\t\t<h2 class=\"elementor-heading-title elementor-size-default\">S\u00f3lidas ra\u00edces en el mundo de la construcci\u00f3n<\/h2>\t\t\t\t<\/div>\n\t\t\t\t<div class=\"elementor-element elementor-element-d0093ea elementor-widget elementor-widget-heading\" data-id=\"d0093ea\" data-element_type=\"widget\" data-e-type=\"widget\" data-settings=\"{&quot;ekit_we_effect_on&quot;:&quot;none&quot;}\" data-widget_type=\"heading.default\">\n\t\t\t\t\t<h3 class=\"elementor-heading-title elementor-size-default\">Innovaci\u00f3n nacida del terreno<\/h3>\t\t\t\t<\/div>\n\t\t\t\t<div class=\"elementor-element elementor-element-5a11048 elementor-widget elementor-widget-text-editor\" data-id=\"5a11048\" data-element_type=\"widget\" data-e-type=\"widget\" data-settings=\"{&quot;ekit_we_effect_on&quot;:&quot;none&quot;}\" data-widget_type=\"text-editor.default\">\n\t\t\t\t\t\t\t\t\t<p>A lo largo de nuestros mandatos, hemos colaborado con numerosas empresas que operan en la construcci\u00f3n residencial, la fabricaci\u00f3n de armarios de cocina, el sector inmobiliario y otros sectores relacionados.<\/p><p>Estas experiencias nos han permitido comprender los desaf\u00edos concretos de las obras: falta de tiempo, informaci\u00f3n dispersa, seguimientos complejos y mano de obra limitada.<\/p><p>CynQ naci\u00f3 de esta comprensi\u00f3n a nivel de campo.<\/p><p>Las bases de la plataforma se establecieron con contratistas, gerentes y expertos de la industria para ofrecer una herramienta verdaderamente alineada con las necesidades del sector.<\/p>\t\t\t\t\t\t\t\t<\/div>\n\t\t\t\t<div class=\"elementor-element elementor-element-760b03f elementor-widget elementor-widget-heading\" data-id=\"760b03f\" data-element_type=\"widget\" data-e-type=\"widget\" data-settings=\"{&quot;ekit_we_effect_on&quot;:&quot;none&quot;}\" data-widget_type=\"heading.default\">\n\t\t\t\t\t<h3 class=\"elementor-heading-title elementor-size-default\">Nuestra fuerza se basa en una experiencia tecnol\u00f3gica reconocida internacionalmente<\/h3>\t\t\t\t<\/div>\n\t\t\t\t<div class=\"elementor-element elementor-element-9f4cb04 elementor-widget elementor-widget-text-editor\" data-id=\"9f4cb04\" data-element_type=\"widget\" data-e-type=\"widget\" data-settings=\"{&quot;ekit_we_effect_on&quot;:&quot;none&quot;}\" data-widget_type=\"text-editor.default\">\n\t\t\t\t\t\t\t\t\t<p>Nuestro CEO, <strong><a href=\"https:\/\/www.linkedin.com\/in\/pierrecusteau\/\">Pierre Custeau<\/a><\/strong>, ha liderado el dise\u00f1o de software utilizado por algunas de las empresas m\u00e1s grandes del mundo: Microsoft, Amazon, Intel, Salesforce, LinkedIn y muchas otras.<\/p><p>Junto a \u00e9l, <strong><a href=\"https:\/\/www.linkedin.com\/in\/marie-claude-veillette-6b52807\/\">Marie-Claude Veillette<\/a><\/strong>, cofundadora y socia comercial, aporta su amplia experiencia en comunicaci\u00f3n, marketing y estrategia digital.<\/p><p>Nuestra experiencia con empresas de Quebec, marcas nacionales y firmas internacionales ha contribuido a hacer de CynQ una plataforma de alto rendimiento, accesible y profundamente arraigada en la realidad de los contratistas.<\/p><p>Lo que nos impulsa: desarrollar herramientas que combinen la potencia tecnol\u00f3gica con la facilidad de uso.<\/p>\t\t\t\t\t\t\t\t<\/div>\n\t\t\t\t\t<\/div>\n\t\t\t\t<\/div>\n\t\t<div class=\"elementor-element elementor-element-4e9b5b2 e-flex e-con-boxed e-con e-parent\" data-id=\"4e9b5b2\" data-element_type=\"container\" data-e-type=\"container\">\n\t\t\t\t\t<div class=\"e-con-inner\">\n\t\t\t\t<div class=\"elementor-element elementor-element-55121db elementor-widget elementor-widget-heading\" data-id=\"55121db\" data-element_type=\"widget\" data-e-type=\"widget\" data-settings=\"{&quot;ekit_we_effect_on&quot;:&quot;none&quot;}\" data-widget_type=\"heading.default\">\n\t\t\t\t\t<h2 class=\"elementor-heading-title elementor-size-default\">Una plataforma dise\u00f1ada para los usuarios, \u00a1todos los usuarios!<\/h2>\t\t\t\t<\/div>\n\t\t<div class=\"elementor-element elementor-element-fcd9441 e-con-full e-flex e-con e-child\" data-id=\"fcd9441\" data-element_type=\"container\" data-e-type=\"container\">\n\t\t<div class=\"elementor-element elementor-element-4b42a7c e-con-full e-flex e-con e-child\" data-id=\"4b42a7c\" data-element_type=\"container\" data-e-type=\"container\">\n\t\t<div class=\"elementor-element elementor-element-fdda169 e-con-full e-flex e-con e-child\" data-id=\"fdda169\" data-element_type=\"container\" data-e-type=\"container\">\n\t\t\t\t<div class=\"elementor-element elementor-element-8ba4247 elementor-widget elementor-widget-image\" data-id=\"8ba4247\" data-element_type=\"widget\" data-e-type=\"widget\" data-settings=\"{&quot;ekit_we_effect_on&quot;:&quot;none&quot;}\" data-widget_type=\"image.default\">\n\t\t\t\t\t\t\t\t\t\t\t\t\t\t\t<img fetchpriority=\"high\" decoding=\"async\" width=\"768\" height=\"804\" src=\"https:\/\/cynqtech.com\/wp-content\/uploads\/2026\/01\/5Y5A9669REa-768x804.jpg\" class=\"attachment-medium_large size-medium_large wp-image-25976\" alt=\"\" srcset=\"https:\/\/cynqtech.com\/wp-content\/uploads\/2026\/01\/5Y5A9669REa-768x804.jpg 768w, https:\/\/cynqtech.com\/wp-content\/uploads\/2026\/01\/5Y5A9669REa-286x300.jpg 286w, https:\/\/cynqtech.com\/wp-content\/uploads\/2026\/01\/5Y5A9669REa-978x1024.jpg 978w, https:\/\/cynqtech.com\/wp-content\/uploads\/2026\/01\/5Y5A9669REa-1467x1536.jpg 1467w, https:\/\/cynqtech.com\/wp-content\/uploads\/2026\/01\/5Y5A9669REa-1956x2048.jpg 1956w, https:\/\/cynqtech.com\/wp-content\/uploads\/2026\/01\/5Y5A9669REa-11x12.jpg 11w, https:\/\/cynqtech.com\/wp-content\/uploads\/2026\/01\/5Y5A9669REa-710x744.jpg 710w\" sizes=\"(max-width: 768px) 100vw, 768px\" \/>\t\t\t\t\t\t\t\t\t\t\t\t\t\t\t<\/div>\n\t\t\t\t<\/div>\n\t\t<div class=\"elementor-element elementor-element-ce15517 e-con-full e-flex e-con e-child\" data-id=\"ce15517\" data-element_type=\"container\" data-e-type=\"container\">\n\t\t\t\t<div class=\"elementor-element elementor-element-ffd8137 elementor-widget elementor-widget-html\" data-id=\"ffd8137\" data-element_type=\"widget\" data-e-type=\"widget\" data-settings=\"{&quot;ekit_we_effect_on&quot;:&quot;none&quot;}\" data-widget_type=\"html.default\">\n\t\t\t\t\t<blockquote>\n<p>CynQ fue dise\u00f1ado con un enfoque centrado en el ser humano.<\/p>\n\n<p>Nuestra prioridad: que sus gerentes, empleados y subcontratistas disfruten usando el software. Porque una herramienta que se aprecia es una herramienta que da resultados.  \n<\/p>\n<p>\nInvertimos mucho en ergonom\u00eda, dise\u00f1o y facilidad de uso, observando continuamente c\u00f3mo interact\u00faan los usuarios con la plataforma.\n<\/p>\n<p>\nUtilizando herramientas de telemetr\u00eda e inteligencia artificial, mejoramos constantemente CynQ para hacerlo m\u00e1s intuitivo, r\u00e1pido e inteligente.\n<\/p>\n<p>\nNuestro objetivo es claro: que CynQ impulse sus proyectos, su rendimiento y la satisfacci\u00f3n de sus equipos.\n<\/p>\n<br><strong>Pierre Custeau, CEO<\/strong>\n<\/blockquote>\n\t\t\t\t<\/div>\n\t\t\t\t<\/div>\n\t\t\t\t<\/div>\n\t\t\t\t<\/div>\n\t\t\t\t\t<\/div>\n\t\t\t\t<\/div>\n\t\t<div class=\"elementor-element elementor-element-fc10eba e-flex e-con-boxed e-con e-parent\" data-id=\"fc10eba\" data-element_type=\"container\" data-e-type=\"container\">\n\t\t\t\t\t<div class=\"e-con-inner\">\n\t\t\t\t<div class=\"elementor-element elementor-element-7819d44 elementor-widget elementor-widget-heading\" data-id=\"7819d44\" data-element_type=\"widget\" data-e-type=\"widget\" data-settings=\"{&quot;ekit_we_effect_on&quot;:&quot;none&quot;}\" data-widget_type=\"heading.default\">\n\t\t\t\t\t<h2 class=\"elementor-heading-title elementor-size-default\">Nuestra visi\u00f3n: evolucionar con usted<\/h2>\t\t\t\t<\/div>\n\t\t\t\t<div class=\"elementor-element elementor-element-0217fce elementor-widget elementor-widget-text-editor\" data-id=\"0217fce\" data-element_type=\"widget\" data-e-type=\"widget\" data-settings=\"{&quot;ekit_we_effect_on&quot;:&quot;none&quot;}\" data-widget_type=\"text-editor.default\">\n\t\t\t\t\t\t\t\t\t<p>No vemos a CynQ solo como un software, sino como un socio de crecimiento.<\/p><p>Cada cliente es parte del proceso de mejora continua: escuchamos, observamos, analizamos y adaptamos.<\/p><p>Sus necesidades y comentarios dan forma directamente a las pr\u00f3ximas evoluciones del producto.<\/p><p>CynQ crece con su empresa, sus proyectos y su equipo, siempre con el objetivo de ayudarle a planificar mejor, colaborar mejor y construir mejor.<\/p>\t\t\t\t\t\t\t\t<\/div>\n\t\t\t\t\t<\/div>\n\t\t\t\t<\/div>\n\t\t\t\t<\/div>\n\t\t","protected":false},"excerpt":{"rendered":"<p>CynQ simplifica sus obras No vemos a CynQ solo como un software, sino como un socio de crecimiento y una herramienta dise\u00f1ada para atraer a todos los usuarios. CynQ simplifica sus obras No vemos a CynQ solo como un software, sino como un socio de crecimiento y una herramienta dise\u00f1ada para atraer a todos los [&hellip;]<\/p>\n","protected":false},"author":2,"featured_media":25985,"parent":0,"menu_order":0,"comment_status":"closed","ping_status":"closed","template":"","meta":{"_acf_changed":false,"content-type":"","footnotes":""},"class_list":["post-25974","page","type-page","status-publish","has-post-thumbnail","hentry"],"acf":[],"yoast_head":"<!-- This site is optimized with the Yoast SEO Premium plugin v27.4 (Yoast SEO v27.6) - https:\/\/yoast.com\/product\/yoast-seo-premium-wordpress\/ -->\n<title>Acerca de CynQ | Software de gesti\u00f3n de construcci\u00f3n con IA<\/title>\n<meta name=\"description\" content=\"Descubra la misi\u00f3n de CynQ: simplificar la gesti\u00f3n de la construcci\u00f3n mediante IA, mejorar la coordinaci\u00f3n del equipo y ayudar a los contratistas a construir de forma m\u00e1s eficiente.\" \/>\n<meta name=\"robots\" content=\"index, follow, max-snippet:-1, max-image-preview:large, max-video-preview:-1\" \/>\n<link rel=\"canonical\" href=\"https:\/\/cynqtech.com\/es\/acerca-de\/\" \/>\n<meta property=\"og:locale\" content=\"es_ES\" \/>\n<meta property=\"og:type\" content=\"article\" \/>\n<meta property=\"og:title\" content=\"Acerca de\" \/>\n<meta property=\"og:description\" content=\"Descubra la misi\u00f3n de CynQ: simplificar la gesti\u00f3n de la construcci\u00f3n mediante IA, mejorar la coordinaci\u00f3n del equipo y ayudar a los contratistas a construir de forma m\u00e1s eficiente.\" \/>\n<meta property=\"og:url\" content=\"https:\/\/cynqtech.com\/es\/acerca-de\/\" \/>\n<meta property=\"og:site_name\" content=\"CynQ\" \/>\n<meta property=\"article:publisher\" content=\"https:\/\/facebook.com\/cyqtech\" \/>\n<meta property=\"article:modified_time\" content=\"2026-05-12T03:45:12+00:00\" \/>\n<meta property=\"og:image\" content=\"https:\/\/cynqtech.com\/wp-content\/uploads\/2025\/10\/image-blog-banner-Travailler-avec-la-bonne-version-des-plans-cynq.jpg\" \/>\n\t<meta property=\"og:image:width\" content=\"1700\" \/>\n\t<meta property=\"og:image:height\" content=\"1100\" \/>\n\t<meta property=\"og:image:type\" content=\"image\/jpeg\" \/>\n<meta name=\"twitter:card\" content=\"summary_large_image\" \/>\n<meta name=\"twitter:label1\" content=\"Tiempo de lectura\" \/>\n\t<meta name=\"twitter:data1\" content=\"3 minutos\" \/>\n<script type=\"application\/ld+json\" class=\"yoast-schema-graph\">{\"@context\":\"https:\\\/\\\/schema.org\",\"@graph\":[{\"@type\":\"WebPage\",\"@id\":\"https:\\\/\\\/cynqtech.com\\\/es\\\/acerca-de\\\/\",\"url\":\"https:\\\/\\\/cynqtech.com\\\/es\\\/acerca-de\\\/\",\"name\":\"Acerca de CynQ | Software de gesti\u00f3n de construcci\u00f3n con IA\",\"isPartOf\":{\"@id\":\"https:\\\/\\\/cynqtech.com\\\/es\\\/#website\"},\"primaryImageOfPage\":{\"@id\":\"https:\\\/\\\/cynqtech.com\\\/es\\\/acerca-de\\\/#primaryimage\"},\"image\":{\"@id\":\"https:\\\/\\\/cynqtech.com\\\/es\\\/acerca-de\\\/#primaryimage\"},\"thumbnailUrl\":\"https:\\\/\\\/cynqtech.com\\\/wp-content\\\/uploads\\\/2025\\\/10\\\/image-blog-banner-Travailler-avec-la-bonne-version-des-plans-cynq.jpg\",\"datePublished\":\"2025-11-11T09:00:24+00:00\",\"dateModified\":\"2026-05-12T03:45:12+00:00\",\"description\":\"Descubra la misi\u00f3n de CynQ: simplificar la gesti\u00f3n de la construcci\u00f3n mediante IA, mejorar la coordinaci\u00f3n del equipo y ayudar a los contratistas a construir de forma m\u00e1s eficiente.\",\"breadcrumb\":{\"@id\":\"https:\\\/\\\/cynqtech.com\\\/es\\\/acerca-de\\\/#breadcrumb\"},\"inLanguage\":\"es\",\"potentialAction\":[{\"@type\":\"ReadAction\",\"target\":[\"https:\\\/\\\/cynqtech.com\\\/es\\\/acerca-de\\\/\"]}]},{\"@type\":\"ImageObject\",\"inLanguage\":\"es\",\"@id\":\"https:\\\/\\\/cynqtech.com\\\/es\\\/acerca-de\\\/#primaryimage\",\"url\":\"https:\\\/\\\/cynqtech.com\\\/wp-content\\\/uploads\\\/2025\\\/10\\\/image-blog-banner-Travailler-avec-la-bonne-version-des-plans-cynq.jpg\",\"contentUrl\":\"https:\\\/\\\/cynqtech.com\\\/wp-content\\\/uploads\\\/2025\\\/10\\\/image-blog-banner-Travailler-avec-la-bonne-version-des-plans-cynq.jpg\",\"width\":1700,\"height\":1100},{\"@type\":\"BreadcrumbList\",\"@id\":\"https:\\\/\\\/cynqtech.com\\\/es\\\/acerca-de\\\/#breadcrumb\",\"itemListElement\":[{\"@type\":\"ListItem\",\"position\":1,\"name\":\"Accueil\",\"item\":\"https:\\\/\\\/cynqtech.com\\\/es\\\/inicio\\\/\"},{\"@type\":\"ListItem\",\"position\":2,\"name\":\"Acerca de\"}]},{\"@type\":\"WebSite\",\"@id\":\"https:\\\/\\\/cynqtech.com\\\/es\\\/#website\",\"url\":\"https:\\\/\\\/cynqtech.com\\\/es\\\/\",\"name\":\"CynQ\",\"description\":\"Outil de gestion centralis\u00e9e pour les entrepreneurs en construction\",\"publisher\":{\"@id\":\"https:\\\/\\\/cynqtech.com\\\/es\\\/#organization\"},\"alternateName\":\"CynQ Technologies\",\"potentialAction\":[{\"@type\":\"SearchAction\",\"target\":{\"@type\":\"EntryPoint\",\"urlTemplate\":\"https:\\\/\\\/cynqtech.com\\\/es\\\/?s={search_term_string}\"},\"query-input\":{\"@type\":\"PropertyValueSpecification\",\"valueRequired\":true,\"valueName\":\"search_term_string\"}}],\"inLanguage\":\"es\"},{\"@type\":\"Organization\",\"@id\":\"https:\\\/\\\/cynqtech.com\\\/es\\\/#organization\",\"name\":\"CynQ\",\"alternateName\":\"CynQ Technologies\",\"url\":\"https:\\\/\\\/cynqtech.com\\\/es\\\/\",\"logo\":{\"@type\":\"ImageObject\",\"inLanguage\":\"es\",\"@id\":\"https:\\\/\\\/cynqtech.com\\\/es\\\/#\\\/schema\\\/logo\\\/image\\\/\",\"url\":\"https:\\\/\\\/cynqtech.com\\\/wp-content\\\/uploads\\\/2025\\\/10\\\/cynq-favicon-bleu-pale-fond-bleu-fonce-transparent-400x400-1.png\",\"contentUrl\":\"https:\\\/\\\/cynqtech.com\\\/wp-content\\\/uploads\\\/2025\\\/10\\\/cynq-favicon-bleu-pale-fond-bleu-fonce-transparent-400x400-1.png\",\"width\":400,\"height\":400,\"caption\":\"CynQ\"},\"image\":{\"@id\":\"https:\\\/\\\/cynqtech.com\\\/es\\\/#\\\/schema\\\/logo\\\/image\\\/\"},\"sameAs\":[\"https:\\\/\\\/facebook.com\\\/cyqtech\",\"https:\\\/\\\/www.linkedin.com\\\/company\\\/cynqtech\",\"https:\\\/\\\/www.instagram.com\\\/cynqtech\"]}]}<\/script>\n<!-- \/ Yoast SEO Premium plugin. -->","yoast_head_json":{"title":"Acerca de CynQ | Software de gesti\u00f3n de construcci\u00f3n con IA","description":"Descubra la misi\u00f3n de CynQ: simplificar la gesti\u00f3n de la construcci\u00f3n mediante IA, mejorar la coordinaci\u00f3n del equipo y ayudar a los contratistas a construir de forma m\u00e1s eficiente.","robots":{"index":"index","follow":"follow","max-snippet":"max-snippet:-1","max-image-preview":"max-image-preview:large","max-video-preview":"max-video-preview:-1"},"canonical":"https:\/\/cynqtech.com\/es\/acerca-de\/","og_locale":"es_ES","og_type":"article","og_title":"Acerca de","og_description":"Descubra la misi\u00f3n de CynQ: simplificar la gesti\u00f3n de la construcci\u00f3n mediante IA, mejorar la coordinaci\u00f3n del equipo y ayudar a los contratistas a construir de forma m\u00e1s eficiente.","og_url":"https:\/\/cynqtech.com\/es\/acerca-de\/","og_site_name":"CynQ","article_publisher":"https:\/\/facebook.com\/cyqtech","article_modified_time":"2026-05-12T03:45:12+00:00","og_image":[{"width":1700,"height":1100,"url":"https:\/\/cynqtech.com\/wp-content\/uploads\/2025\/10\/image-blog-banner-Travailler-avec-la-bonne-version-des-plans-cynq.jpg","type":"image\/jpeg"}],"twitter_card":"summary_large_image","twitter_misc":{"Tiempo de lectura":"3 minutos"},"schema":{"@context":"https:\/\/schema.org","@graph":[{"@type":"WebPage","@id":"https:\/\/cynqtech.com\/es\/acerca-de\/","url":"https:\/\/cynqtech.com\/es\/acerca-de\/","name":"Acerca de CynQ | Software de gesti\u00f3n de construcci\u00f3n con IA","isPartOf":{"@id":"https:\/\/cynqtech.com\/es\/#website"},"primaryImageOfPage":{"@id":"https:\/\/cynqtech.com\/es\/acerca-de\/#primaryimage"},"image":{"@id":"https:\/\/cynqtech.com\/es\/acerca-de\/#primaryimage"},"thumbnailUrl":"https:\/\/cynqtech.com\/wp-content\/uploads\/2025\/10\/image-blog-banner-Travailler-avec-la-bonne-version-des-plans-cynq.jpg","datePublished":"2025-11-11T09:00:24+00:00","dateModified":"2026-05-12T03:45:12+00:00","description":"Descubra la misi\u00f3n de CynQ: simplificar la gesti\u00f3n de la construcci\u00f3n mediante IA, mejorar la coordinaci\u00f3n del equipo y ayudar a los contratistas a construir de forma m\u00e1s eficiente.","breadcrumb":{"@id":"https:\/\/cynqtech.com\/es\/acerca-de\/#breadcrumb"},"inLanguage":"es","potentialAction":[{"@type":"ReadAction","target":["https:\/\/cynqtech.com\/es\/acerca-de\/"]}]},{"@type":"ImageObject","inLanguage":"es","@id":"https:\/\/cynqtech.com\/es\/acerca-de\/#primaryimage","url":"https:\/\/cynqtech.com\/wp-content\/uploads\/2025\/10\/image-blog-banner-Travailler-avec-la-bonne-version-des-plans-cynq.jpg","contentUrl":"https:\/\/cynqtech.com\/wp-content\/uploads\/2025\/10\/image-blog-banner-Travailler-avec-la-bonne-version-des-plans-cynq.jpg","width":1700,"height":1100},{"@type":"BreadcrumbList","@id":"https:\/\/cynqtech.com\/es\/acerca-de\/#breadcrumb","itemListElement":[{"@type":"ListItem","position":1,"name":"Accueil","item":"https:\/\/cynqtech.com\/es\/inicio\/"},{"@type":"ListItem","position":2,"name":"Acerca de"}]},{"@type":"WebSite","@id":"https:\/\/cynqtech.com\/es\/#website","url":"https:\/\/cynqtech.com\/es\/","name":"CynQ","description":"Outil de gestion centralis\u00e9e pour les entrepreneurs en construction","publisher":{"@id":"https:\/\/cynqtech.com\/es\/#organization"},"alternateName":"CynQ Technologies","potentialAction":[{"@type":"SearchAction","target":{"@type":"EntryPoint","urlTemplate":"https:\/\/cynqtech.com\/es\/?s={search_term_string}"},"query-input":{"@type":"PropertyValueSpecification","valueRequired":true,"valueName":"search_term_string"}}],"inLanguage":"es"},{"@type":"Organization","@id":"https:\/\/cynqtech.com\/es\/#organization","name":"CynQ","alternateName":"CynQ Technologies","url":"https:\/\/cynqtech.com\/es\/","logo":{"@type":"ImageObject","inLanguage":"es","@id":"https:\/\/cynqtech.com\/es\/#\/schema\/logo\/image\/","url":"https:\/\/cynqtech.com\/wp-content\/uploads\/2025\/10\/cynq-favicon-bleu-pale-fond-bleu-fonce-transparent-400x400-1.png","contentUrl":"https:\/\/cynqtech.com\/wp-content\/uploads\/2025\/10\/cynq-favicon-bleu-pale-fond-bleu-fonce-transparent-400x400-1.png","width":400,"height":400,"caption":"CynQ"},"image":{"@id":"https:\/\/cynqtech.com\/es\/#\/schema\/logo\/image\/"},"sameAs":["https:\/\/facebook.com\/cyqtech","https:\/\/www.linkedin.com\/company\/cynqtech","https:\/\/www.instagram.com\/cynqtech"]}]}},"_links":{"self":[{"href":"https:\/\/cynqtech.com\/es\/wp-json\/wp\/v2\/pages\/25974","targetHints":{"allow":["GET"]}}],"collection":[{"href":"https:\/\/cynqtech.com\/es\/wp-json\/wp\/v2\/pages"}],"about":[{"href":"https:\/\/cynqtech.com\/es\/wp-json\/wp\/v2\/types\/page"}],"author":[{"embeddable":true,"href":"https:\/\/cynqtech.com\/es\/wp-json\/wp\/v2\/users\/2"}],"replies":[{"embeddable":true,"href":"https:\/\/cynqtech.com\/es\/wp-json\/wp\/v2\/comments?post=25974"}],"version-history":[{"count":1,"href":"https:\/\/cynqtech.com\/es\/wp-json\/wp\/v2\/pages\/25974\/revisions"}],"predecessor-version":[{"id":25987,"href":"https:\/\/cynqtech.com\/es\/wp-json\/wp\/v2\/pages\/25974\/revisions\/25987"}],"wp:featuredmedia":[{"embeddable":true,"href":"https:\/\/cynqtech.com\/es\/wp-json\/wp\/v2\/media\/25985"}],"wp:attachment":[{"href":"https:\/\/cynqtech.com\/es\/wp-json\/wp\/v2\/media?parent=25974"}],"curies":[{"name":"wp","href":"https:\/\/api.w.org\/{rel}","templated":true}]}}